{"id":2170,"date":"2023-01-17T13:23:22","date_gmt":"2023-01-17T11:23:22","guid":{"rendered":"https:\/\/photokick.eu\/noticias\/"},"modified":"2023-03-07T08:24:54","modified_gmt":"2023-03-07T06:24:54","slug":"noticias","status":"publish","type":"page","link":"https:\/\/www.photokick.eu\/es\/noticias\/","title":{"rendered":"Noticias"},"content":{"rendered":"<style>.kb-row-layout-id_cd2188-ec > .kt-row-column-wrap{align-content:start;}:where(.kb-row-layout-id_cd2188-ec > .kt-row-column-wrap) > .wp-block-kadence-column{justify-content:start;}.kb-row-layout-id_cd2188-ec > .kt-row-column-wrap{column-gap:var(--global-kb-gap-md, 2rem);row-gap:var(--global-kb-gap-md, 2rem);padding-top:48px;padding-bottom:25px;grid-template-columns:minmax(0, 1fr);}.kb-row-layout-id_cd2188-ec > .kt-row-layout-overlay{opacity:0.30;}@media all and (max-width: 1024px){.kb-row-layout-id_cd2188-ec > .kt-row-column-wrap{grid-template-columns:minmax(0, 1fr);}}@media all and (max-width: 767px){.kb-row-layout-id_cd2188-ec > .kt-row-column-wrap{grid-template-columns:minmax(0, 1fr);}}<\/style><div class=\"kb-row-layout-wrap kb-row-layout-id_cd2188-ec alignwide wp-block-kadence-rowlayout\"><div class=\"kt-row-column-wrap kt-has-1-columns kt-row-layout-equal kt-tab-layout-inherit kt-mobile-layout-row kt-row-valign-top\">\n<style>.kadence-column_14aab8-8c > .kt-inside-inner-col{display:flex;}.kadence-column_14aab8-8c > .kt-inside-inner-col{padding-right:25px;padding-left:25px;}.kadence-column_14aab8-8c > .kt-inside-inner-col,.kadence-column_14aab8-8c > .kt-inside-inner-col:before{border-top-left-radius:0px;border-top-right-radius:0px;border-bottom-right-radius:0px;border-bottom-left-radius:0px;}.kadence-column_14aab8-8c > .kt-inside-inner-col{column-gap:var(--global-kb-gap-sm, 1rem);}.kadence-column_14aab8-8c > .kt-inside-inner-col{flex-direction:column;justify-content:center;}.kadence-column_14aab8-8c > .kt-inside-inner-col > .aligncenter{width:100%;}.kt-row-column-wrap > .kadence-column_14aab8-8c{align-self:center;}.kt-inner-column-height-full:not(.kt-has-1-columns) > .wp-block-kadence-column.kadence-column_14aab8-8c{align-self:auto;}.kt-inner-column-height-full:not(.kt-has-1-columns) > .wp-block-kadence-column.kadence-column_14aab8-8c > .kt-inside-inner-col{flex-direction:column;justify-content:center;}.kadence-column_14aab8-8c > .kt-inside-inner-col:before{opacity:0.3;}.kadence-column_14aab8-8c{position:relative;}@media all and (max-width: 1024px){.kt-row-column-wrap > .kadence-column_14aab8-8c{align-self:center;}}@media all and (max-width: 1024px){.kt-inner-column-height-full:not(.kt-has-1-columns) > .wp-block-kadence-column.kadence-column_14aab8-8c{align-self:auto;}}@media all and (max-width: 1024px){.kt-inner-column-height-full:not(.kt-has-1-columns) > .wp-block-kadence-column.kadence-column_14aab8-8c > .kt-inside-inner-col{flex-direction:column;justify-content:center;}}@media all and (max-width: 1024px){.kadence-column_14aab8-8c > .kt-inside-inner-col{flex-direction:column;justify-content:center;}}@media all and (max-width: 767px){.kt-row-column-wrap > .kadence-column_14aab8-8c{align-self:center;}.kt-inner-column-height-full:not(.kt-has-1-columns) > .wp-block-kadence-column.kadence-column_14aab8-8c{align-self:auto;}.kt-inner-column-height-full:not(.kt-has-1-columns) > .wp-block-kadence-column.kadence-column_14aab8-8c > .kt-inside-inner-col{flex-direction:column;justify-content:center;}.kadence-column_14aab8-8c > .kt-inside-inner-col{flex-direction:column;justify-content:center;}}<\/style>\n<div class=\"wp-block-kadence-column kadence-column_14aab8-8c inner-column-1\"><div class=\"kt-inside-inner-col\"><style>.kb-row-layout-id_16622d-be > .kt-row-column-wrap{align-content:start;}:where(.kb-row-layout-id_16622d-be > .kt-row-column-wrap) > .wp-block-kadence-column{justify-content:start;}.kb-row-layout-id_16622d-be > .kt-row-column-wrap{column-gap:var(--global-kb-gap-md, 2rem);row-gap:var(--global-kb-gap-md, 2rem);padding-top:0px;padding-right:0px;padding-bottom:25px;padding-left:0px;grid-template-columns:minmax(0, 1fr);}.kb-row-layout-id_16622d-be > .kt-row-layout-overlay{opacity:0.30;}@media all and (max-width: 1024px){.kb-row-layout-id_16622d-be > .kt-row-column-wrap{grid-template-columns:minmax(0, 1fr);}}@media all and (max-width: 767px){.kb-row-layout-id_16622d-be > .kt-row-column-wrap{grid-template-columns:minmax(0, 1fr);}}<\/style><div class=\"kb-row-layout-wrap kb-row-layout-id_16622d-be alignnone wp-block-kadence-rowlayout\"><div class=\"kt-row-column-wrap kt-has-1-columns kt-row-layout-equal kt-tab-layout-inherit kt-mobile-layout-row kt-row-valign-top\">\n<style>.kadence-column_3a7b7b-bb > .kt-inside-inner-col{display:flex;}.kadence-column_3a7b7b-bb > .kt-inside-inner-col{padding-right:0px;padding-left:0px;}.kadence-column_3a7b7b-bb > .kt-inside-inner-col,.kadence-column_3a7b7b-bb > .kt-inside-inner-col:before{border-top-left-radius:0px;border-top-right-radius:0px;border-bottom-right-radius:0px;border-bottom-left-radius:0px;}.kadence-column_3a7b7b-bb > .kt-inside-inner-col{column-gap:var(--global-kb-gap-sm, 1rem);}.kadence-column_3a7b7b-bb > .kt-inside-inner-col{flex-direction:column;justify-content:center;}.kadence-column_3a7b7b-bb > .kt-inside-inner-col > .aligncenter{width:100%;}.kt-row-column-wrap > .kadence-column_3a7b7b-bb{align-self:center;}.kt-inner-column-height-full:not(.kt-has-1-columns) > .wp-block-kadence-column.kadence-column_3a7b7b-bb{align-self:auto;}.kt-inner-column-height-full:not(.kt-has-1-columns) > .wp-block-kadence-column.kadence-column_3a7b7b-bb > .kt-inside-inner-col{flex-direction:column;justify-content:center;}.kadence-column_3a7b7b-bb > .kt-inside-inner-col:before{opacity:0.3;}.kadence-column_3a7b7b-bb{position:relative;}@media all and (max-width: 1024px){.kt-row-column-wrap > .kadence-column_3a7b7b-bb{align-self:center;}}@media all and (max-width: 1024px){.kt-inner-column-height-full:not(.kt-has-1-columns) > .wp-block-kadence-column.kadence-column_3a7b7b-bb{align-self:auto;}}@media all and (max-width: 1024px){.kt-inner-column-height-full:not(.kt-has-1-columns) > .wp-block-kadence-column.kadence-column_3a7b7b-bb > .kt-inside-inner-col{flex-direction:column;justify-content:center;}}@media all and (max-width: 1024px){.kadence-column_3a7b7b-bb > .kt-inside-inner-col{flex-direction:column;justify-content:center;}}@media all and (max-width: 767px){.kt-row-column-wrap > .kadence-column_3a7b7b-bb{align-self:center;}.kt-inner-column-height-full:not(.kt-has-1-columns) > .wp-block-kadence-column.kadence-column_3a7b7b-bb{align-self:auto;}.kt-inner-column-height-full:not(.kt-has-1-columns) > .wp-block-kadence-column.kadence-column_3a7b7b-bb > .kt-inside-inner-col{flex-direction:column;justify-content:center;}.kadence-column_3a7b7b-bb > .kt-inside-inner-col{flex-direction:column;justify-content:center;}}<\/style>\n<div class=\"wp-block-kadence-column kadence-column_3a7b7b-bb inner-column-1\"><div class=\"kt-inside-inner-col\"><style>.kt-post-loop_a3c652-21 .kadence-post-image{padding-top:0px;padding-right:0px;padding-bottom:0px;padding-left:0px;}.kt-post-loop_a3c652-21 .kt-feat-image-align-left{grid-template-columns:30% auto;}.kt-post-loop_a3c652-21 .kt-post-grid-wrap{gap:48px 30px;}.kt-post-loop_a3c652-21 .kt-blocks-post-grid-item{border-top-left-radius:0px;border-top-right-radius:0px;border-bottom-right-radius:0px;border-bottom-left-radius:0px;overflow:hidden;}.kt-post-loop_a3c652-21 .kt-blocks-post-grid-item .kt-blocks-post-grid-item-inner{padding-top:0px;padding-right:0px;padding-bottom:0px;padding-left:100px;}.kt-post-loop_a3c652-21 .kt-blocks-post-grid-item .kt-blocks-post-grid-item-inner{text-align:left;}.kt-post-loop_a3c652-21 .kt-blocks-post-grid-item header{padding-top:10px;padding-right:0px;padding-bottom:10px;padding-left:0px;margin-top:0px;margin-right:0px;margin-bottom:0px;margin-left:0px;background-color:#ffffff;}.kt-post-loop_a3c652-21 .kt-blocks-post-grid-item .kt-blocks-above-categories{font-size:13px;line-height:20px;text-transform:uppercase;}.kt-post-loop_a3c652-21 .kt-blocks-post-grid-item .entry-title{padding-top:5px;padding-right:0px;padding-bottom:0px;padding-left:0px;margin-top:0px;margin-right:0px;margin-bottom:0px;margin-left:0px;font-size:24px;line-height:30px;}.kt-post-loop_a3c652-21 .entry-content{padding-top:0px;padding-right:0px;padding-bottom:0px;padding-left:0px;margin-top:0px;margin-right:0px;margin-bottom:0px;margin-left:0px;}.kt-post-loop_a3c652-21 .kt-blocks-post-footer{border-color:#aaaaaa;color:var(--global-palette3, #1A202C);border-top-width:3px;border-right-width:0px;border-bottom-width:0px;border-left-width:0px;padding-top:5px;padding-right:0px;padding-bottom:0px;padding-left:0px;margin-top:20px;margin-right:0px;margin-bottom:0px;margin-left:0px;font-size:12px;line-height:24px;font-family:Poppins;font-weight:400;font-style:normal;text-transform:none;}.kt-post-loop_a3c652-21 .entry-content:after{height:20px;}.kt-post-loop_a3c652-21 .kt-blocks-post-footer a{color:var(--global-palette4, #2D3748);}.kt-post-loop_a3c652-21 .kt-blocks-post-footer a:hover{color:#4330fc;}.kt-post-loop_a3c652-21 .entry-content .kt-blocks-post-readmore{background-color:#ffffff;border-color:var(--global-palette3, #1A202C);color:var(--global-palette4, #2D3748);border-width:2px;border-radius:3px;padding-top:4px;padding-right:8px;padding-bottom:4px;padding-left:8px;margin-top:15px;margin-right:0px;margin-bottom:10px;margin-left:0px;}.kt-post-loop_a3c652-21 .entry-content .kt-blocks-post-readmore:hover{color:#ffffff;border-color:var(--global-palette3, #1A202C);background-color:var(--global-palette3, #1A202C);}.kt-post-loop_a3c652-21 .kb-filter-item{border-top-width:0px;border-right-width:0px;border-bottom-width:2px;border-left-width:0px;padding-top:5px;padding-right:8px;padding-bottom:5px;padding-left:8px;margin-top:0px;margin-right:10px;margin-bottom:0px;margin-left:0px;}@media all and (max-width: 1024px){.kt-post-loop_a3c652-21 .kadence-post-image{padding-top:30px;padding-right:10px;}}@media all and (max-width: 1024px){.kt-post-loop_a3c652-21 .kt-post-grid-wrap{row-gap:30px;}}@media all and (max-width: 1024px){.kt-post-loop_a3c652-21 .kt-blocks-post-grid-item .kt-blocks-post-grid-item-inner{padding-left:10px;}}@media all and (max-width: 767px){.kt-post-loop_a3c652-21 .kt-post-grid-wrap{row-gap:30px;}.kt-post-loop_a3c652-21 .kt-blocks-post-grid-item .kt-blocks-post-grid-item-inner{padding-left:10px;}}<\/style><div class=\"wp-block-kadence-postgrid kt-blocks-post-loop-block alignnone kt-post-loop_a3c652-21 kt-post-grid-layout-grid \"><div class=\"kt-post-grid-layout-grid-wrap kt-post-grid-wrap\" data-columns-xxl=\"1\" data-columns-xl=\"1\" data-columns-md=\"1\" data-columns-sm=\"1\" data-columns-xs=\"1\" data-columns-ss=\"1\"data-item-selector=\".kt-post-masonry-item\" aria-label=\"Post Carousel\"><article class=\"kt-blocks-post-grid-item post-2204 post type-post status-publish format-standard has-post-thumbnail hentry category-noticias tag-erasmus-es tag-viktorija-zilinskaite-es\"><div class=\"kt-blocks-post-grid-item-inner-wrap kt-feat-image-align-left kt-feat-image-mobile-align-top\"><div class=\"kadence-post-image\"><div class=\"kadence-post-image-intrisic kt-image-ratio-100\" style=\"padding-bottom:100%;\"><div class=\"kadence-post-image-inner-intrisic\"><a aria-hidden=\"true\" tabindex=\"-1\" role=\"presentation\" href=\"https:\/\/www.photokick.eu\/es\/nuevas-ideas-y-soluciones-taller-online-photokick\/\" aria-label=\"Nuevas ideas y soluciones: taller online \u00abPhotoKICK\u00bb\" class=\"kadence-post-image-inner-wrap\"><img loading=\"lazy\" decoding=\"async\" width=\"800\" height=\"800\" src=\"https:\/\/www.photokick.eu\/wp-content\/uploads\/2023\/02\/photography-kaleidoscope-1.webp\" class=\"attachment-large size-large wp-post-image\" alt=\"Photography kaleidoscope\" srcset=\"https:\/\/www.photokick.eu\/wp-content\/uploads\/2023\/02\/photography-kaleidoscope-1.webp 800w, https:\/\/www.photokick.eu\/wp-content\/uploads\/2023\/02\/photography-kaleidoscope-1-300x300.webp 300w, https:\/\/www.photokick.eu\/wp-content\/uploads\/2023\/02\/photography-kaleidoscope-1-150x150.webp 150w, https:\/\/www.photokick.eu\/wp-content\/uploads\/2023\/02\/photography-kaleidoscope-1-768x768.webp 768w\" sizes=\"auto, (max-width: 800px) 100vw, 800px\" \/><\/a><\/div><\/div><\/div><div class=\"kt-blocks-post-grid-item-inner\"><header><div class=\"kt-blocks-above-categories\"><a href=\"https:\/\/www.photokick.eu\/es\/category\/noticias\/\" class=\"category-link-noticias\" rel=\"tag\">Noticias<\/a><\/div><h2 class=\"entry-title\"><a href=\"https:\/\/www.photokick.eu\/es\/nuevas-ideas-y-soluciones-taller-online-photokick\/\">Nuevas ideas y soluciones: taller online \u00abPhotoKICK\u00bb<\/a><\/h2><div class=\"kt-blocks-post-top-meta\"><\/div><\/header><div class=\"entry-content\">On February 1, 2023, an online project result workshop with project \u201ePhotoKICK\u201c partners from Lithuania, Latvia, Hungary, Slovenia, and Spain was held by a coordinator of the project \u2013 Viktorija \u017dilinskait\u0117 from Klaip\u0117da County Ieva Simonaityt\u0117 Public Library.During this meeting, all partners were working on developing the guidelines for creating educational photography exhibitions, which will&#8230;<div class=\"kt-blocks-post-readmore-wrap\"><a class=\"kt-blocks-post-readmore\" href=\"https:\/\/www.photokick.eu\/es\/nuevas-ideas-y-soluciones-taller-online-photokick\/\">Leer m\u00e1s<span class=\"screen-reader-text\"> Nuevas ideas y soluciones: taller online \u00abPhotoKICK\u00bb<\/span><\/a><\/div><\/div><footer class=\"kt-blocks-post-footer\"><div class=\"kt-blocks-post-footer-left\"><div class=\"kt-blocks-date kt-blocks-post-footer-section\"><time dateTime=\"22 de febrero de 2023\" class=\"kt-blocks-post-date\">22 de febrero de 2023<\/time><\/div><div class=\"kt-blocks-tags kt-blocks-post-footer-section\"><span class=\"kt-blocks-tags-icon\"><svg version=\"1.1\" xmlns=\"http:\/\/www.w3.org\/2000\/svg\" class=\"kt-blocks-tag-svg\" width=\"36\" height=\"32\" fill=\"currentColor\" viewBox=\"0 0 36 32\"><title>Etiquetas<\/title><path d=\"M34.939 19.939l-8.879-8.879c-0.583-0.583-1.736-1.061-2.561-1.061h-18c-0.825 0-1.5 0.675-1.5 1.5v19c0 0.825 0.675 1.5 1.5 1.5h18c0.825 0 1.977-0.477 2.561-1.061l8.879-8.879c0.583-0.583 0.583-1.538-0-2.121zM25 24c-1.657 0-3-1.343-3-3s1.343-3 3-3 3 1.343 3 3-1.343 3-3 3z\"><\/path><path d=\"M2 8h21l-0.939-0.939c-0.583-0.583-1.736-1.061-2.561-1.061h-18c-0.825 0-1.5 0.675-1.5 1.5v19c0 0.825 0.675 1.5 1.5 1.5h0.5v-20z\"><\/path><\/svg><\/span><a href=\"https:\/\/www.photokick.eu\/es\/tag\/erasmus-es\/\" rel=\"tag\">Erasmus+<\/a>, <a href=\"https:\/\/www.photokick.eu\/es\/tag\/viktorija-zilinskaite-es\/\" rel=\"tag\">Viktorija \u017dilinskait\u0117<\/a><\/div><\/div><div class=\"kt-blocks-post-footer-right\"><\/div><\/footer><\/div><\/div><\/article><\/div><\/div><!-- .wp-block-kadence-postgrid --><\/div><\/div>\n\n<\/div><\/div><\/div><\/div>\n\n<\/div><\/div>","protected":false},"excerpt":{"rendered":"","protected":false},"author":1,"featured_media":1703,"parent":0,"menu_order":0,"comment_status":"closed","ping_status":"closed","template":"","meta":{"_kad_blocks_custom_css":"","_kad_blocks_head_custom_js":"","_kad_blocks_body_custom_js":"","_kad_blocks_footer_custom_js":"","_kad_post_transparent":"enable","_kad_post_title":"show","_kad_post_layout":"normal","_kad_post_sidebar_id":"","_kad_post_content_style":"unboxed","_kad_post_vertical_padding":"hide","_kad_post_feature":"","_kad_post_feature_position":"","_kad_post_header":false,"_kad_post_footer":false,"_kad_post_classname":"","slim_seo":{"title":"Noticias - Photokick","description":""},"iawp_total_views":2,"footnotes":""},"class_list":["post-2170","page","type-page","status-publish","has-post-thumbnail","hentry"],"taxonomy_info":[],"featured_image_src_large":["https:\/\/www.photokick.eu\/wp-content\/uploads\/2023\/02\/banner-fb-blue-news-1024x538.webp",1024,538,true],"author_info":{"display_name":"Marius Apulskis","author_link":"https:\/\/www.photokick.eu\/es\/author\/cf3d24ef3bcac6f9\/"},"comment_info":0,"_links":{"self":[{"href":"https:\/\/www.photokick.eu\/es\/wp-json\/wp\/v2\/pages\/2170","targetHints":{"allow":["GET"]}}],"collection":[{"href":"https:\/\/www.photokick.eu\/es\/wp-json\/wp\/v2\/pages"}],"about":[{"href":"https:\/\/www.photokick.eu\/es\/wp-json\/wp\/v2\/types\/page"}],"author":[{"embeddable":true,"href":"https:\/\/www.photokick.eu\/es\/wp-json\/wp\/v2\/users\/1"}],"replies":[{"embeddable":true,"href":"https:\/\/www.photokick.eu\/es\/wp-json\/wp\/v2\/comments?post=2170"}],"version-history":[{"count":0,"href":"https:\/\/www.photokick.eu\/es\/wp-json\/wp\/v2\/pages\/2170\/revisions"}],"wp:featuredmedia":[{"embeddable":true,"href":"https:\/\/www.photokick.eu\/es\/wp-json\/wp\/v2\/media\/1703"}],"wp:attachment":[{"href":"https:\/\/www.photokick.eu\/es\/wp-json\/wp\/v2\/media?parent=2170"}],"curies":[{"name":"wp","href":"https:\/\/api.w.org\/{rel}","templated":true}]}}