{"id":2236,"date":"2023-01-17T13:24:02","date_gmt":"2023-01-17T11:24:02","guid":{"rendered":"https:\/\/photokick.eu\/kapcsolat\/"},"modified":"2023-05-03T10:17:49","modified_gmt":"2023-05-03T07:17:49","slug":"kapcsolat","status":"publish","type":"page","link":"https:\/\/www.photokick.eu\/hu\/kapcsolat\/","title":{"rendered":"Kapcsolat"},"content":{"rendered":"<style>.kb-row-layout-id_e91c0a-18 > .kt-row-column-wrap{align-content:start;}:where(.kb-row-layout-id_e91c0a-18 > .kt-row-column-wrap) > .wp-block-kadence-column{justify-content:start;}.kb-row-layout-id_e91c0a-18 > .kt-row-column-wrap{column-gap:var(--global-kb-gap-md, 2rem);row-gap:var(--global-kb-gap-md, 2rem);padding-top:var(--global-kb-spacing-sm, 1.5rem);padding-bottom:var(--global-kb-spacing-sm, 1.5rem);grid-template-columns:minmax(0, 1fr);}.kb-row-layout-id_e91c0a-18 > .kt-row-layout-overlay{opacity:0.30;}@media all and (max-width: 1024px){.kb-row-layout-id_e91c0a-18 > .kt-row-column-wrap{grid-template-columns:minmax(0, 1fr);}}@media all and (max-width: 767px){.kb-row-layout-id_e91c0a-18 > .kt-row-column-wrap{grid-template-columns:minmax(0, 1fr);}}<\/style><div class=\"kb-row-layout-wrap kb-row-layout-id_e91c0a-18 alignnone wp-block-kadence-rowlayout\"><div class=\"kt-row-column-wrap kt-has-1-columns kt-row-layout-equal kt-tab-layout-inherit kt-mobile-layout-row kt-row-valign-top\">\n<style>.kadence-column_e5f3fd-c6 > .kt-inside-inner-col,.kadence-column_e5f3fd-c6 > .kt-inside-inner-col:before{border-top-left-radius:0px;border-top-right-radius:0px;border-bottom-right-radius:0px;border-bottom-left-radius:0px;}.kadence-column_e5f3fd-c6 > .kt-inside-inner-col{column-gap:var(--global-kb-gap-sm, 1rem);}.kadence-column_e5f3fd-c6 > .kt-inside-inner-col{flex-direction:column;}.kadence-column_e5f3fd-c6 > .kt-inside-inner-col > .aligncenter{width:100%;}.kadence-column_e5f3fd-c6 > .kt-inside-inner-col:before{opacity:0.3;}.kadence-column_e5f3fd-c6{position:relative;}@media all and (max-width: 1024px){.kadence-column_e5f3fd-c6 > .kt-inside-inner-col{flex-direction:column;justify-content:center;}}@media all and (max-width: 767px){.kadence-column_e5f3fd-c6 > .kt-inside-inner-col{flex-direction:column;justify-content:center;}}<\/style>\n<div class=\"wp-block-kadence-column kadence-column_e5f3fd-c6 inner-column-1\"><div class=\"kt-inside-inner-col\"><style>.kb-row-layout-id_0f26dd-84 > .kt-row-column-wrap{align-content:start;}:where(.kb-row-layout-id_0f26dd-84 > .kt-row-column-wrap) > .wp-block-kadence-column{justify-content:start;}.kb-row-layout-id_0f26dd-84 > .kt-row-column-wrap{column-gap:var(--global-kb-gap-md, 2rem);row-gap:var(--global-kb-gap-md, 2rem);padding-top:var(--global-kb-spacing-sm, 1.5rem);padding-bottom:var(--global-kb-spacing-sm, 1.5rem);grid-template-columns:minmax(0, calc(40% - ((var(--global-kb-gap-md, 2rem) * 1 )\/2)))minmax(0, calc(60% - ((var(--global-kb-gap-md, 2rem) * 1 )\/2)));}.kb-row-layout-id_0f26dd-84 > .kt-row-layout-overlay{opacity:0.30;}@media all and (max-width: 1024px){.kb-row-layout-id_0f26dd-84 > .kt-row-column-wrap{grid-template-columns:repeat(2, minmax(0, 1fr));}}@media all and (max-width: 767px){.kb-row-layout-id_0f26dd-84 > .kt-row-column-wrap{grid-template-columns:minmax(0, 1fr);}}<\/style><div class=\"kb-row-layout-wrap kb-row-layout-id_0f26dd-84 alignnone wp-block-kadence-rowlayout\"><div class=\"kt-row-column-wrap kt-has-2-columns kt-row-layout-equal kt-tab-layout-inherit kt-mobile-layout-row kt-row-valign-top\">\n<style>.kadence-column_2c5ab0-ac > .kt-inside-inner-col,.kadence-column_2c5ab0-ac > .kt-inside-inner-col:before{border-top-left-radius:0px;border-top-right-radius:0px;border-bottom-right-radius:0px;border-bottom-left-radius:0px;}.kadence-column_2c5ab0-ac > .kt-inside-inner-col{column-gap:var(--global-kb-gap-sm, 1rem);}.kadence-column_2c5ab0-ac > .kt-inside-inner-col{flex-direction:column;}.kadence-column_2c5ab0-ac > .kt-inside-inner-col > .aligncenter{width:100%;}.kadence-column_2c5ab0-ac > .kt-inside-inner-col:before{opacity:0.3;}.kadence-column_2c5ab0-ac{position:relative;}@media all and (max-width: 1024px){.kadence-column_2c5ab0-ac > .kt-inside-inner-col{flex-direction:column;justify-content:center;}}@media all and (max-width: 767px){.kadence-column_2c5ab0-ac > .kt-inside-inner-col{flex-direction:column;justify-content:center;}}<\/style>\n<div class=\"wp-block-kadence-column kadence-column_2c5ab0-ac inner-column-1\"><div class=\"kt-inside-inner-col\"><style>.kb-image_d49619-d4 .kb-image-has-overlay:after{opacity:0.3;}<\/style>\n<div class=\"wp-block-kadence-image kb-image_d49619-d4\"><figure class=\"aligncenter size-medium\"><img loading=\"lazy\" decoding=\"async\" width=\"300\" height=\"294\" src=\"https:\/\/www.photokick.eu\/wp-content\/uploads\/2023\/02\/Spalvotas-pilnas-300x294.webp\" alt=\"KLAVB logo\" class=\"kb-img wp-image-1067\" srcset=\"https:\/\/www.photokick.eu\/wp-content\/uploads\/2023\/02\/Spalvotas-pilnas-300x294.webp 300w, https:\/\/www.photokick.eu\/wp-content\/uploads\/2023\/02\/Spalvotas-pilnas.webp 600w\" sizes=\"auto, (max-width: 300px) 100vw, 300px\" \/><\/figure><\/div>\n\n\n<style>.wp-block-kadence-advancedheading.kt-adv-heading_c08dd9-13, .wp-block-kadence-advancedheading.kt-adv-heading_c08dd9-13[data-kb-block=\"kb-adv-heading_c08dd9-13\"]{font-style:normal;}.wp-block-kadence-advancedheading.kt-adv-heading_c08dd9-13 mark.kt-highlight, .wp-block-kadence-advancedheading.kt-adv-heading_c08dd9-13[data-kb-block=\"kb-adv-heading_c08dd9-13\"] mark.kt-highlight{font-style:normal;color:#f76a0c;-webkit-box-decoration-break:clone;box-decoration-break:clone;padding-top:0px;padding-right:0px;padding-bottom:0px;padding-left:0px;}.wp-block-kadence-advancedheading.kt-adv-heading_c08dd9-13 img.kb-inline-image, .wp-block-kadence-advancedheading.kt-adv-heading_c08dd9-13[data-kb-block=\"kb-adv-heading_c08dd9-13\"] img.kb-inline-image{width:150px;vertical-align:baseline;}<\/style>\n<h2 class=\"kt-adv-heading_c08dd9-13 wp-block-kadence-advancedheading\" data-kb-block=\"kb-adv-heading_c08dd9-13\">Klaipeda Megyei Ieva Simonaityte K\u00f6zk\u00f6nyvt\u00e1r<\/h2>\n\n\n<style>.wp-block-kadence-advancedheading.kt-adv-heading_fce54b-d0, .wp-block-kadence-advancedheading.kt-adv-heading_fce54b-d0[data-kb-block=\"kb-adv-heading_fce54b-d0\"]{font-style:normal;}.wp-block-kadence-advancedheading.kt-adv-heading_fce54b-d0 mark.kt-highlight, .wp-block-kadence-advancedheading.kt-adv-heading_fce54b-d0[data-kb-block=\"kb-adv-heading_fce54b-d0\"] mark.kt-highlight{font-style:normal;color:#f76a0c;-webkit-box-decoration-break:clone;box-decoration-break:clone;padding-top:0px;padding-right:0px;padding-bottom:0px;padding-left:0px;}.wp-block-kadence-advancedheading.kt-adv-heading_fce54b-d0 img.kb-inline-image, .wp-block-kadence-advancedheading.kt-adv-heading_fce54b-d0[data-kb-block=\"kb-adv-heading_fce54b-d0\"] img.kb-inline-image{width:150px;vertical-align:baseline;}<\/style>\n<p class=\"kt-adv-heading_fce54b-d0 wp-block-kadence-advancedheading\" data-kb-block=\"kb-adv-heading_fce54b-d0\"><strong>C\u00edm:<\/strong><br\/><a rel=\"noreferrer noopener\" href=\"https:\/\/goo.gl\/maps\/TxYMWYFEyvXRKZNP8\" target=\"_blank\">Herkaus Manto Str. 25, Klaip\u0117da LT- 92234<br\/><\/a><strong>Telefon:<\/strong><br\/><a href=\"tel:+37046412533\">+37046412533<\/a><br\/><strong>E-mail:<\/strong><br\/><a href=\"mailto:biblioteka@klavb.lt\">biblioteka@klavb.lt<\/a><\/p>\n<\/div><\/div>\n\n\n<style>.kadence-column_aa415a-19 > .kt-inside-inner-col{display:flex;}.kadence-column_aa415a-19 > .kt-inside-inner-col,.kadence-column_aa415a-19 > .kt-inside-inner-col:before{border-top-left-radius:0px;border-top-right-radius:0px;border-bottom-right-radius:0px;border-bottom-left-radius:0px;}.kadence-column_aa415a-19 > .kt-inside-inner-col{column-gap:var(--global-kb-gap-sm, 1rem);}.kadence-column_aa415a-19 > .kt-inside-inner-col{flex-direction:column;justify-content:center;}.kadence-column_aa415a-19 > .kt-inside-inner-col > .aligncenter{width:100%;}.kt-row-column-wrap > .kadence-column_aa415a-19{align-self:center;}.kt-inner-column-height-full:not(.kt-has-1-columns) > .wp-block-kadence-column.kadence-column_aa415a-19{align-self:auto;}.kt-inner-column-height-full:not(.kt-has-1-columns) > .wp-block-kadence-column.kadence-column_aa415a-19 > .kt-inside-inner-col{flex-direction:column;justify-content:center;}.kadence-column_aa415a-19 > .kt-inside-inner-col:before{opacity:0.3;}.kadence-column_aa415a-19{position:relative;}@media all and (max-width: 1024px){.kt-row-column-wrap > .kadence-column_aa415a-19{align-self:center;}}@media all and (max-width: 1024px){.kt-inner-column-height-full:not(.kt-has-1-columns) > .wp-block-kadence-column.kadence-column_aa415a-19{align-self:auto;}}@media all and (max-width: 1024px){.kt-inner-column-height-full:not(.kt-has-1-columns) > .wp-block-kadence-column.kadence-column_aa415a-19 > .kt-inside-inner-col{flex-direction:column;justify-content:center;}}@media all and (max-width: 1024px){.kadence-column_aa415a-19 > .kt-inside-inner-col{flex-direction:column;justify-content:center;}}@media all and (max-width: 767px){.kt-row-column-wrap > .kadence-column_aa415a-19{align-self:center;}.kt-inner-column-height-full:not(.kt-has-1-columns) > .wp-block-kadence-column.kadence-column_aa415a-19{align-self:auto;}.kt-inner-column-height-full:not(.kt-has-1-columns) > .wp-block-kadence-column.kadence-column_aa415a-19 > .kt-inside-inner-col{flex-direction:column;justify-content:center;}.kadence-column_aa415a-19 > .kt-inside-inner-col{flex-direction:column;justify-content:center;}}<\/style>\n<div class=\"wp-block-kadence-column kadence-column_aa415a-19 inner-column-2\"><div class=\"kt-inside-inner-col\"><style>.wp-block-kadence-advancedheading.kt-adv-heading_899f44-2b, .wp-block-kadence-advancedheading.kt-adv-heading_899f44-2b[data-kb-block=\"kb-adv-heading_899f44-2b\"]{font-style:normal;}.wp-block-kadence-advancedheading.kt-adv-heading_899f44-2b mark.kt-highlight, .wp-block-kadence-advancedheading.kt-adv-heading_899f44-2b[data-kb-block=\"kb-adv-heading_899f44-2b\"] mark.kt-highlight{font-style:normal;color:#f76a0c;-webkit-box-decoration-break:clone;box-decoration-break:clone;padding-top:0px;padding-right:0px;padding-bottom:0px;padding-left:0px;}.wp-block-kadence-advancedheading.kt-adv-heading_899f44-2b img.kb-inline-image, .wp-block-kadence-advancedheading.kt-adv-heading_899f44-2b[data-kb-block=\"kb-adv-heading_899f44-2b\"] img.kb-inline-image{width:150px;vertical-align:baseline;}<\/style>\n<h2 class=\"kt-adv-heading_899f44-2b wp-block-kadence-advancedheading\" data-kb-block=\"kb-adv-heading_899f44-2b\">Kapcsolat<\/h2>\n\n\n<style>.kadence-form-_85f621-a3 .kb-form .kadence-blocks-form-field .kb-text-style-field:focus, .kadence-form-_85f621-a3 .kb-form .kadence-blocks-form-field .kb-select-style-field:focus{background:#f6f6f6;}.kadence-form-_85f621-a3 .kb-form .kadence-blocks-form-field .kb-forms-submit{color:var(--global-palette3, #1A202C);border-width:2px 2px 2px 2px;background:#ffffff;border-color:var(--global-palette3, #1A202C);}.kadence-form-_85f621-a3 .kb-form .kadence-blocks-form-field .kb-forms-submit:hover, .kadence-form-_85f621-a3 .kb-form .kadence-blocks-form-field .kb-forms-submit:focus {color:#f6f6f6;background:var(--global-palette3, #1A202C);}.kb-form input.kadence-blocks-field.verify{opacity:0.0;position:absolute;top:0.0;left:0.0;width:0.0;height:0.0;z-index:-1;}<\/style>\n<div class=\"wp-block-kadence-form kadence-form-_85f621-a3 kb-form-wrap\"><form class=\"kb-form\" action=\"\" method=\"post\"><div class=\"kadence-blocks-form-field kb-field-desk-width-100 kb-input-size-standard\"><label for=\"kb_field__85f621-a3_0\">N\u00e9v<\/label><span id=\"kb_field_desc__85f621-a3_0\" class=\"screen-reader-text\">a neved<\/span><input name=\"kb_field_0\" id=\"kb_field__85f621-a3_0\" data-label=\"N&#xE9;v\" type=\"text\" placeholder=\"\" value=\"\" data-type=\"text\" class=\"kb-field kb-text-style-field kb-text-field kb-field-0\" aria-describedby=\"kb_field_desc__85f621-a3_0\"\/><\/div><div class=\"kadence-blocks-form-field kb-form-field-1 kb-field-desk-width-100 kb-input-size-standard\"><label for=\"kb_field__85f621-a3_1\">E-mail<span class=\"required\">*<\/span><\/label><span id=\"kb_field_desc__85f621-a3_1\" class=\"screen-reader-text\">Az \u00d6n e-mail c\u00edme<\/span><input name=\"kb_field_1\" id=\"kb_field__85f621-a3_1\" data-label=\"E-mail\" type=\"email\" placeholder=\"\" value=\"\" data-type=\"email\" class=\"kb-field kb-text-style-field kb-email-field kb-field-1\" data-required=\"yes\" aria-describedby=\"kb_field_desc__85f621-a3_1\"\/><\/div><div class=\"kadence-blocks-form-field kb-form-field-2 kb-field-desk-width-100 kb-input-size-standard\"><label for=\"kb_field__85f621-a3_2\">\u00dczenet<span class=\"required\">*<\/span><\/label><textarea name=\"kb_field_2\" id=\"kb_field__85f621-a3_2\" data-label=\"&#xDC;zenet\" type=\"textarea\" placeholder=\"\" data-type=\"textarea\" class=\"kb-field kb-text-style-field kb-textarea-field kb-field-2\" rows=\"4\" data-required=\"yes\"><\/textarea><\/div><input type=\"hidden\" name=\"_kb_form_id\" value=\"_85f621-a3\"\/><input type=\"hidden\" name=\"_kb_form_post_id\" value=\"2236\"\/><input type=\"hidden\" name=\"action\" value=\"kb_process_ajax_submit\"\/><input type=\"hidden\" name=\"recaptcha_response\" class=\"kb_recaptcha_response kb_recaptcha__85f621-a3\"\/><label class=\"kadence-verify-label\">Email<input class=\"kadence-blocks-field verify\" type=\"text\" name=\"_kb_verify_email\" autocomplete=\"new-password\" aria-hidden=\"true\" placeholder=\"Email\" tabindex=\"-1\" data-1p-ignore=\"true\" data-lpignore=\"true\" \/><\/label><div class=\"kadence-blocks-form-field kb-submit-field kb-field-desk-width-100\"><span id=\"kb_submit_label__85f621-a3\" class=\"screen-reader-text kb-submit-desc-label\">K\u00fcldje el \u00fczenet\u00e9t photokick.eu rendszergazd\u00e1knak<\/span><button aria-describedby=\"kb_submit_label__85f621-a3\" class=\"kb-forms-submit button kb-button-size-custom kb-button-width-full\">K\u00fcld\u00e9s<\/button><\/div><\/form><\/div>\n<noscript><div class=\"kadence-blocks-form-message kadence-blocks-form-warning\">Please enable JavaScript in your browser to submit the form<\/div><style>.kadence-form-_85f621-a3 .kadence-blocks-form-field.kb-submit-field { display: none; }<\/style><\/noscript><\/div><\/div>\n\n<\/div><\/div><\/div><\/div>\n\n<\/div><\/div>","protected":false},"excerpt":{"rendered":"<p>Klaipeda Megyei Ieva Simonaityte K\u00f6zk\u00f6nyvt\u00e1r C\u00edm:Herkaus Manto Str. 25, Klaip\u0117da LT- 92234Telefon:+37046412533E-mail:biblioteka@klavb.lt Kapcsolat<\/p>\n","protected":false},"author":1,"featured_media":1679,"parent":0,"menu_order":0,"comment_status":"closed","ping_status":"closed","template":"","meta":{"_kad_blocks_custom_css":"","_kad_blocks_head_custom_js":"","_kad_blocks_body_custom_js":"","_kad_blocks_footer_custom_js":"","_kad_post_transparent":"","_kad_post_title":"","_kad_post_layout":"","_kad_post_sidebar_id":"","_kad_post_content_style":"","_kad_post_vertical_padding":"","_kad_post_feature":"","_kad_post_feature_position":"","_kad_post_header":false,"_kad_post_footer":false,"_kad_post_classname":"","slim_seo":{"title":"Kapcsolat - Photokick","description":""},"iawp_total_views":1,"footnotes":""},"class_list":["post-2236","page","type-page","status-publish","has-post-thumbnail","hentry"],"taxonomy_info":[],"featured_image_src_large":["https:\/\/www.photokick.eu\/wp-content\/uploads\/2023\/02\/banner-fb-blue-contacts-1024x538.webp",1024,538,true],"author_info":{"display_name":"Marius Apulskis","author_link":"https:\/\/www.photokick.eu\/hu\/author\/cf3d24ef3bcac6f9\/"},"comment_info":0,"_links":{"self":[{"href":"https:\/\/www.photokick.eu\/hu\/wp-json\/wp\/v2\/pages\/2236","targetHints":{"allow":["GET"]}}],"collection":[{"href":"https:\/\/www.photokick.eu\/hu\/wp-json\/wp\/v2\/pages"}],"about":[{"href":"https:\/\/www.photokick.eu\/hu\/wp-json\/wp\/v2\/types\/page"}],"author":[{"embeddable":true,"href":"https:\/\/www.photokick.eu\/hu\/wp-json\/wp\/v2\/users\/1"}],"replies":[{"embeddable":true,"href":"https:\/\/www.photokick.eu\/hu\/wp-json\/wp\/v2\/comments?post=2236"}],"version-history":[{"count":0,"href":"https:\/\/www.photokick.eu\/hu\/wp-json\/wp\/v2\/pages\/2236\/revisions"}],"wp:featuredmedia":[{"embeddable":true,"href":"https:\/\/www.photokick.eu\/hu\/wp-json\/wp\/v2\/media\/1679"}],"wp:attachment":[{"href":"https:\/\/www.photokick.eu\/hu\/wp-json\/wp\/v2\/media?parent=2236"}],"curies":[{"name":"wp","href":"https:\/\/api.w.org\/{rel}","templated":true}]}}