{"id":2238,"date":"2023-01-17T13:23:36","date_gmt":"2023-01-17T11:23:36","guid":{"rendered":"https:\/\/photokick.eu\/eredmenyek\/"},"modified":"2024-07-02T08:29:42","modified_gmt":"2024-07-02T05:29:42","slug":"eredmenyek","status":"publish","type":"page","link":"https:\/\/www.photokick.eu\/hu\/eredmenyek\/","title":{"rendered":"Eredm\u00e9nyek"},"content":{"rendered":"<style>.kb-row-layout-id2238_e5b414-33 > .kt-row-column-wrap{align-content:start;}:where(.kb-row-layout-id2238_e5b414-33 > .kt-row-column-wrap) > .wp-block-kadence-column{justify-content:start;}.kb-row-layout-id2238_e5b414-33 > .kt-row-column-wrap{column-gap:var(--global-kb-gap-md, 2rem);row-gap:var(--global-kb-gap-md, 2rem);padding-top:var(--global-kb-spacing-sm, 1.5rem);padding-bottom:var(--global-kb-spacing-sm, 1.5rem);grid-template-columns:minmax(0, 1fr);}.kb-row-layout-id2238_e5b414-33 > .kt-row-layout-overlay{opacity:0.30;}@media all and (max-width: 1024px){.kb-row-layout-id2238_e5b414-33 > .kt-row-column-wrap{grid-template-columns:minmax(0, 1fr);}}@media all and (max-width: 767px){.kb-row-layout-id2238_e5b414-33 > .kt-row-column-wrap{grid-template-columns:minmax(0, 1fr);}}<\/style><div class=\"kb-row-layout-wrap kb-row-layout-id2238_e5b414-33 alignwide wp-block-kadence-rowlayout\"><div class=\"kt-row-column-wrap kt-has-1-columns kt-row-layout-equal kt-tab-layout-inherit kt-mobile-layout-row kt-row-valign-top\">\n<style>.kadence-column2238_de5230-11 > .kt-inside-inner-col,.kadence-column2238_de5230-11 > .kt-inside-inner-col:before{border-top-left-radius:0px;border-top-right-radius:0px;border-bottom-right-radius:0px;border-bottom-left-radius:0px;}.kadence-column2238_de5230-11 > .kt-inside-inner-col{column-gap:var(--global-kb-gap-sm, 1rem);}.kadence-column2238_de5230-11 > .kt-inside-inner-col{flex-direction:column;}.kadence-column2238_de5230-11 > .kt-inside-inner-col > .aligncenter{width:100%;}.kadence-column2238_de5230-11 > .kt-inside-inner-col:before{opacity:0.3;}.kadence-column2238_de5230-11{position:relative;}@media all and (max-width: 1024px){.kadence-column2238_de5230-11 > .kt-inside-inner-col{flex-direction:column;justify-content:center;}}@media all and (max-width: 767px){.kadence-column2238_de5230-11 > .kt-inside-inner-col{flex-direction:column;justify-content:center;}}<\/style>\n<div class=\"wp-block-kadence-column kadence-column2238_de5230-11 inner-column-1\"><div class=\"kt-inside-inner-col\"><style>.kb-row-layout-id2238_da8490-6b > .kt-row-column-wrap{align-content:start;}:where(.kb-row-layout-id2238_da8490-6b > .kt-row-column-wrap) > .wp-block-kadence-column{justify-content:start;}.kb-row-layout-id2238_da8490-6b > .kt-row-column-wrap{column-gap:var(--global-kb-gap-md, 2rem);row-gap:var(--global-kb-gap-md, 2rem);padding-top:var(--global-kb-spacing-sm, 1.5rem);padding-bottom:var(--global-kb-spacing-sm, 1.5rem);grid-template-columns:minmax(0, 1fr) minmax(0, 2fr);}.kb-row-layout-id2238_da8490-6b > .kt-row-layout-overlay{opacity:0.30;}@media all and (max-width: 1024px){.kb-row-layout-id2238_da8490-6b > .kt-row-column-wrap{grid-template-columns:repeat(2, minmax(0, 1fr));}}@media all and (max-width: 767px){.kb-row-layout-id2238_da8490-6b > .kt-row-column-wrap{grid-template-columns:minmax(0, 1fr);}}<\/style><div class=\"kb-row-layout-wrap kb-row-layout-id2238_da8490-6b alignwide wp-block-kadence-rowlayout\"><div class=\"kt-row-column-wrap kt-has-2-columns kt-row-layout-right-golden kt-tab-layout-equal kt-mobile-layout-row kt-row-valign-top\">\n<style>.kadence-column2238_038863-ac > .kt-inside-inner-col,.kadence-column2238_038863-ac > .kt-inside-inner-col:before{border-top-left-radius:0px;border-top-right-radius:0px;border-bottom-right-radius:0px;border-bottom-left-radius:0px;}.kadence-column2238_038863-ac > .kt-inside-inner-col{column-gap:var(--global-kb-gap-sm, 1rem);}.kadence-column2238_038863-ac > .kt-inside-inner-col{flex-direction:column;}.kadence-column2238_038863-ac > .kt-inside-inner-col > .aligncenter{width:100%;}.kadence-column2238_038863-ac > .kt-inside-inner-col:before{opacity:0.3;}.kadence-column2238_038863-ac{position:relative;}@media all and (max-width: 1024px){.kadence-column2238_038863-ac > .kt-inside-inner-col{flex-direction:column;justify-content:center;}}@media all and (max-width: 767px){.kadence-column2238_038863-ac > .kt-inside-inner-col{flex-direction:column;justify-content:center;}}<\/style>\n<div class=\"wp-block-kadence-column kadence-column2238_038863-ac inner-column-1\"><div class=\"kt-inside-inner-col\"><style>.kb-image2238_613ddc-ae .kb-image-has-overlay:after{opacity:0.3;}@media all and (max-width: 767px){.kb-image2238_613ddc-ae.kb-image-is-ratio-size, .kb-image2238_613ddc-ae .kb-image-is-ratio-size{max-width:360px;width:100%;}.kb-image2238_613ddc-ae{max-width:360px;}}<\/style>\n<figure class=\"wp-block-kadence-image kb-image2238_613ddc-ae\"><img loading=\"lazy\" decoding=\"async\" width=\"360\" height=\"640\" src=\"https:\/\/www.photokick.eu\/wp-content\/uploads\/2023\/02\/Stories-template-1080x1920-ex.-01-1.webp\" alt=\"Stories template 1080x1920 ex.-01\" class=\"kb-img wp-image-979\" srcset=\"https:\/\/www.photokick.eu\/wp-content\/uploads\/2023\/02\/Stories-template-1080x1920-ex.-01-1.webp 360w, https:\/\/www.photokick.eu\/wp-content\/uploads\/2023\/02\/Stories-template-1080x1920-ex.-01-1-169x300.webp 169w\" sizes=\"auto, (max-width: 360px) 100vw, 360px\" \/><\/figure>\n<\/div><\/div>\n\n\n<style>.kadence-column2238_1077b7-24 > .kt-inside-inner-col{display:flex;}.kadence-column2238_1077b7-24 > .kt-inside-inner-col{padding-right:25px;padding-left:25px;}.kadence-column2238_1077b7-24 > .kt-inside-inner-col,.kadence-column2238_1077b7-24 > .kt-inside-inner-col:before{border-top-left-radius:0px;border-top-right-radius:0px;border-bottom-right-radius:0px;border-bottom-left-radius:0px;}.kadence-column2238_1077b7-24 > .kt-inside-inner-col{column-gap:var(--global-kb-gap-sm, 1rem);}.kadence-column2238_1077b7-24 > .kt-inside-inner-col{flex-direction:column;justify-content:center;}.kadence-column2238_1077b7-24 > .kt-inside-inner-col > .aligncenter{width:100%;}.kt-row-column-wrap > .kadence-column2238_1077b7-24{align-self:center;}.kt-inner-column-height-full:not(.kt-has-1-columns) > .wp-block-kadence-column.kadence-column2238_1077b7-24{align-self:auto;}.kt-inner-column-height-full:not(.kt-has-1-columns) > .wp-block-kadence-column.kadence-column2238_1077b7-24 > .kt-inside-inner-col{flex-direction:column;justify-content:center;}.kadence-column2238_1077b7-24 > .kt-inside-inner-col:before{opacity:0.3;}.kadence-column2238_1077b7-24{position:relative;}@media all and (max-width: 1024px){.kt-row-column-wrap > .kadence-column2238_1077b7-24{align-self:center;}}@media all and (max-width: 1024px){.kt-inner-column-height-full:not(.kt-has-1-columns) > .wp-block-kadence-column.kadence-column2238_1077b7-24{align-self:auto;}}@media all and (max-width: 1024px){.kt-inner-column-height-full:not(.kt-has-1-columns) > .wp-block-kadence-column.kadence-column2238_1077b7-24 > .kt-inside-inner-col{flex-direction:column;justify-content:center;}}@media all and (max-width: 1024px){.kadence-column2238_1077b7-24 > .kt-inside-inner-col{flex-direction:column;justify-content:center;}}@media all and (max-width: 767px){.kt-row-column-wrap > .kadence-column2238_1077b7-24{align-self:center;}.kt-inner-column-height-full:not(.kt-has-1-columns) > .wp-block-kadence-column.kadence-column2238_1077b7-24{align-self:auto;}.kt-inner-column-height-full:not(.kt-has-1-columns) > .wp-block-kadence-column.kadence-column2238_1077b7-24 > .kt-inside-inner-col{flex-direction:column;justify-content:center;}.kadence-column2238_1077b7-24 > .kt-inside-inner-col{flex-direction:column;justify-content:center;}}<\/style>\n<div class=\"wp-block-kadence-column kadence-column2238_1077b7-24 inner-column-2\"><div class=\"kt-inside-inner-col\"><style>.kb-row-layout-id2238_1ec152-6c > .kt-row-column-wrap{align-content:start;}:where(.kb-row-layout-id2238_1ec152-6c > .kt-row-column-wrap) > .wp-block-kadence-column{justify-content:start;}.kb-row-layout-id2238_1ec152-6c > .kt-row-column-wrap{column-gap:var(--global-kb-gap-md, 2rem);row-gap:var(--global-kb-gap-md, 2rem);padding-top:var(--global-kb-spacing-sm, 1.5rem);padding-bottom:var(--global-kb-spacing-sm, 1.5rem);grid-template-columns:minmax(0, 1fr);}.kb-row-layout-id2238_1ec152-6c > .kt-row-layout-overlay{opacity:0.30;}@media all and (max-width: 1024px){.kb-row-layout-id2238_1ec152-6c > .kt-row-column-wrap{grid-template-columns:minmax(0, 1fr);}}@media all and (max-width: 767px){.kb-row-layout-id2238_1ec152-6c > .kt-row-column-wrap{padding-top:25px;grid-template-columns:minmax(0, 1fr);}}<\/style><div class=\"kb-row-layout-wrap kb-row-layout-id2238_1ec152-6c alignnone wp-block-kadence-rowlayout\"><div class=\"kt-row-column-wrap kt-has-1-columns kt-row-layout-equal kt-tab-layout-inherit kt-mobile-layout-row kt-row-valign-top\">\n<style>.kadence-column2238_e55bd8-29 > .kt-inside-inner-col,.kadence-column2238_e55bd8-29 > .kt-inside-inner-col:before{border-top-left-radius:0px;border-top-right-radius:0px;border-bottom-right-radius:0px;border-bottom-left-radius:0px;}.kadence-column2238_e55bd8-29 > .kt-inside-inner-col{column-gap:var(--global-kb-gap-sm, 1rem);}.kadence-column2238_e55bd8-29 > .kt-inside-inner-col{flex-direction:column;}.kadence-column2238_e55bd8-29 > .kt-inside-inner-col > .aligncenter{width:100%;}.kadence-column2238_e55bd8-29 > .kt-inside-inner-col:before{opacity:0.3;}.kadence-column2238_e55bd8-29{position:relative;}@media all and (max-width: 1024px){.kadence-column2238_e55bd8-29 > .kt-inside-inner-col{flex-direction:column;justify-content:center;}}@media all and (max-width: 767px){.kadence-column2238_e55bd8-29 > .kt-inside-inner-col{flex-direction:column;justify-content:center;}}<\/style>\n<div class=\"wp-block-kadence-column kadence-column2238_e55bd8-29 inner-column-1\"><div class=\"kt-inside-inner-col\"><style>.wp-block-kadence-advancedheading.kt-adv-heading2238_c73502-95, .wp-block-kadence-advancedheading.kt-adv-heading2238_c73502-95[data-kb-block=\"kb-adv-heading2238_c73502-95\"]{font-size:20px;font-style:normal;}.wp-block-kadence-advancedheading.kt-adv-heading2238_c73502-95 mark.kt-highlight, .wp-block-kadence-advancedheading.kt-adv-heading2238_c73502-95[data-kb-block=\"kb-adv-heading2238_c73502-95\"] mark.kt-highlight{font-style:normal;color:#f76a0c;-webkit-box-decoration-break:clone;box-decoration-break:clone;padding-top:0px;padding-right:0px;padding-bottom:0px;padding-left:0px;}.wp-block-kadence-advancedheading.kt-adv-heading2238_c73502-95 img.kb-inline-image, .wp-block-kadence-advancedheading.kt-adv-heading2238_c73502-95[data-kb-block=\"kb-adv-heading2238_c73502-95\"] img.kb-inline-image{width:150px;vertical-align:baseline;}@media all and (max-width: 1024px){.wp-block-kadence-advancedheading.kt-adv-heading2238_c73502-95, .wp-block-kadence-advancedheading.kt-adv-heading2238_c73502-95[data-kb-block=\"kb-adv-heading2238_c73502-95\"]{font-size:18px;}}@media all and (max-width: 767px){.wp-block-kadence-advancedheading.kt-adv-heading2238_c73502-95, .wp-block-kadence-advancedheading.kt-adv-heading2238_c73502-95[data-kb-block=\"kb-adv-heading2238_c73502-95\"]{font-size:18px;}}<\/style>\n<p class=\"kt-adv-heading2238_c73502-95 wp-block-kadence-advancedheading\" data-kb-block=\"kb-adv-heading2238_c73502-95\">A projekt sor\u00e1n a tervek szerint a nem form\u00e1lis feln\u0151ttoktat\u00e1shoz igazodva k\u00e9t szellemi term\u00e9k j\u00f6n l\u00e9tre:<\/p>\n<\/div><\/div>\n\n<\/div><\/div>\n\n\n<ol class=\"wp-block-list\" style=\"padding-top:var(--wp--preset--spacing--40);padding-right:var(--wp--preset--spacing--40);padding-bottom:var(--wp--preset--spacing--40);padding-left:var(--wp--preset--spacing--40);font-size:18px\">\n<li><a href=\"https:\/\/www.photokick.eu\/hu\/eredmenyek\/utmutato-kiallitasokhoz\/\">\u00fatmutat\u00f3 ismeretterjeszt\u0151 ki\u00e1ll\u00edt\u00e1sok l\u00e9trehoz\u00e1s\u00e1hoz<\/a>;<\/li>\n\n\n\n<li><a href=\"https:\/\/www.photokick.eu\/hu\/eredmenyek\/az-ismeretterjeszto-fotokiallitas-programja\/\">nemzetk\u00f6zi ismeretterjeszt\u0151 m\u0171v\u00e9szeti fot\u00f3ki\u00e1ll\u00edt\u00e1s programja<\/a>.<\/li>\n<\/ol>\n\n\n<style>.wp-block-kadence-advancedheading.kt-adv-heading2238_c22c40-10, .wp-block-kadence-advancedheading.kt-adv-heading2238_c22c40-10[data-kb-block=\"kb-adv-heading2238_c22c40-10\"]{font-size:20px;font-style:normal;}.wp-block-kadence-advancedheading.kt-adv-heading2238_c22c40-10 mark.kt-highlight, .wp-block-kadence-advancedheading.kt-adv-heading2238_c22c40-10[data-kb-block=\"kb-adv-heading2238_c22c40-10\"] mark.kt-highlight{font-style:normal;color:#f76a0c;-webkit-box-decoration-break:clone;box-decoration-break:clone;padding-top:0px;padding-right:0px;padding-bottom:0px;padding-left:0px;}.wp-block-kadence-advancedheading.kt-adv-heading2238_c22c40-10 img.kb-inline-image, .wp-block-kadence-advancedheading.kt-adv-heading2238_c22c40-10[data-kb-block=\"kb-adv-heading2238_c22c40-10\"] img.kb-inline-image{width:150px;vertical-align:baseline;}@media all and (max-width: 1024px){.wp-block-kadence-advancedheading.kt-adv-heading2238_c22c40-10, .wp-block-kadence-advancedheading.kt-adv-heading2238_c22c40-10[data-kb-block=\"kb-adv-heading2238_c22c40-10\"]{font-size:18px;}}@media all and (max-width: 767px){.wp-block-kadence-advancedheading.kt-adv-heading2238_c22c40-10, .wp-block-kadence-advancedheading.kt-adv-heading2238_c22c40-10[data-kb-block=\"kb-adv-heading2238_c22c40-10\"]{font-size:18px;}}<\/style>\n<p class=\"kt-adv-heading2238_c22c40-10 wp-block-kadence-advancedheading\" data-kb-block=\"kb-adv-heading2238_c22c40-10\">A projekt eredm\u00e9nyei nyilv\u00e1nosan hozz\u00e1f\u00e9rhet\u0151ek lesznek, k\u00fcl\u00f6n\u00f6sen a feln\u0151ttekkel val\u00f3 munk\u00e1ra specializ\u00e1ltan, azaz a szociokultur\u00e1lis befogad\u00e1s motiv\u00e1l\u00e1s\u00e1ra, a pedag\u00f3gusok \u00e9s a tanul\u00f3k k\u00e9szs\u00e9geinek \u00e9s kompetenci\u00e1inak fejleszt\u00e9s\u00e9re \u00e9s jav\u00edt\u00e1s\u00e1ra \u00f6sszpontos\u00edtva a tanul\u00e1ssal, a vil\u00e1gk\u00e9p t\u00e1g\u00edt\u00e1s\u00e1val, a kreativit\u00e1s motiv\u00e1l\u00e1s\u00e1val, a m\u0171v\u00e9szi st\u00edlus\u00e9rz\u00e9k fejleszt\u00e9s\u00e9vel \u00e9s az aktu\u00e1lis kih\u00edv\u00e1sok innovat\u00edv megk\u00f6zel\u00edt\u00e9s\u00e9vel kapcsolatban.<\/p>\n<\/div><\/div>\n\n<\/div><\/div><\/div><\/div>\n\n<\/div><\/div>","protected":false},"excerpt":{"rendered":"<p>A projekt sor\u00e1n a tervek szerint a nem form\u00e1lis feln\u0151ttoktat\u00e1shoz igazodva k\u00e9t szellemi term\u00e9k j\u00f6n l\u00e9tre: A projekt eredm\u00e9nyei nyilv\u00e1nosan hozz\u00e1f\u00e9rhet\u0151ek lesznek, k\u00fcl\u00f6n\u00f6sen a feln\u0151ttekkel val\u00f3 munk\u00e1ra specializ\u00e1ltan, azaz a szociokultur\u00e1lis befogad\u00e1s motiv\u00e1l\u00e1s\u00e1ra, a pedag\u00f3gusok \u00e9s a tanul\u00f3k k\u00e9szs\u00e9geinek \u00e9s kompetenci\u00e1inak fejleszt\u00e9s\u00e9re \u00e9s jav\u00edt\u00e1s\u00e1ra \u00f6sszpontos\u00edtva a tanul\u00e1ssal, a vil\u00e1gk\u00e9p t\u00e1g\u00edt\u00e1s\u00e1val, a kreativit\u00e1s motiv\u00e1l\u00e1s\u00e1val, a m\u0171v\u00e9szi&#8230;<\/p>\n","protected":false},"author":1,"featured_media":1844,"parent":0,"menu_order":0,"comment_status":"closed","ping_status":"closed","template":"","meta":{"_kad_blocks_custom_css":"","_kad_blocks_head_custom_js":"","_kad_blocks_body_custom_js":"","_kad_blocks_footer_custom_js":"","_kad_post_transparent":"enable","_kad_post_title":"show","_kad_post_layout":"narrow","_kad_post_sidebar_id":"","_kad_post_content_style":"unboxed","_kad_post_vertical_padding":"","_kad_post_feature":"hide","_kad_post_feature_position":"","_kad_post_header":false,"_kad_post_footer":false,"_kad_post_classname":"","slim_seo":{"title":"Eredm\u00e9nyek - Photokick","description":""},"iawp_total_views":1,"footnotes":""},"class_list":["post-2238","page","type-page","status-publish","has-post-thumbnail","hentry"],"taxonomy_info":[],"featured_image_src_large":["https:\/\/www.photokick.eu\/wp-content\/uploads\/2023\/02\/baner-fb-blue-results-1024x538.webp",1024,538,true],"author_info":{"display_name":"Marius Apulskis","author_link":"https:\/\/www.photokick.eu\/hu\/author\/cf3d24ef3bcac6f9\/"},"comment_info":0,"_links":{"self":[{"href":"https:\/\/www.photokick.eu\/hu\/wp-json\/wp\/v2\/pages\/2238","targetHints":{"allow":["GET"]}}],"collection":[{"href":"https:\/\/www.photokick.eu\/hu\/wp-json\/wp\/v2\/pages"}],"about":[{"href":"https:\/\/www.photokick.eu\/hu\/wp-json\/wp\/v2\/types\/page"}],"author":[{"embeddable":true,"href":"https:\/\/www.photokick.eu\/hu\/wp-json\/wp\/v2\/users\/1"}],"replies":[{"embeddable":true,"href":"https:\/\/www.photokick.eu\/hu\/wp-json\/wp\/v2\/comments?post=2238"}],"version-history":[{"count":0,"href":"https:\/\/www.photokick.eu\/hu\/wp-json\/wp\/v2\/pages\/2238\/revisions"}],"wp:featuredmedia":[{"embeddable":true,"href":"https:\/\/www.photokick.eu\/hu\/wp-json\/wp\/v2\/media\/1844"}],"wp:attachment":[{"href":"https:\/\/www.photokick.eu\/hu\/wp-json\/wp\/v2\/media?parent=2238"}],"curies":[{"name":"wp","href":"https:\/\/api.w.org\/{rel}","templated":true}]}}