{"id":1990,"date":"2023-01-17T13:23:36","date_gmt":"2023-01-17T11:23:36","guid":{"rendered":"https:\/\/photokick.eu\/rezultatai\/"},"modified":"2024-07-02T08:23:42","modified_gmt":"2024-07-02T05:23:42","slug":"rezultatai","status":"publish","type":"page","link":"https:\/\/www.photokick.eu\/lt\/rezultatai\/","title":{"rendered":"Rezultatai"},"content":{"rendered":"<style>.kb-row-layout-id1990_99d728-d6 > .kt-row-column-wrap{align-content:start;}:where(.kb-row-layout-id1990_99d728-d6 > .kt-row-column-wrap) > .wp-block-kadence-column{justify-content:start;}.kb-row-layout-id1990_99d728-d6 > .kt-row-column-wrap{column-gap:var(--global-kb-gap-md, 2rem);row-gap:var(--global-kb-gap-md, 2rem);padding-top:var(--global-kb-spacing-sm, 1.5rem);padding-bottom:var(--global-kb-spacing-sm, 1.5rem);grid-template-columns:minmax(0, 1fr);}.kb-row-layout-id1990_99d728-d6 > .kt-row-layout-overlay{opacity:0.30;}@media all and (max-width: 1024px){.kb-row-layout-id1990_99d728-d6 > .kt-row-column-wrap{grid-template-columns:minmax(0, 1fr);}}@media all and (max-width: 767px){.kb-row-layout-id1990_99d728-d6 > .kt-row-column-wrap{grid-template-columns:minmax(0, 1fr);}}<\/style><div class=\"kb-row-layout-wrap kb-row-layout-id1990_99d728-d6 alignwide wp-block-kadence-rowlayout\"><div class=\"kt-row-column-wrap kt-has-1-columns kt-row-layout-equal kt-tab-layout-inherit kt-mobile-layout-row kt-row-valign-top\">\n<style>.kadence-column1990_af9a92-bf > .kt-inside-inner-col,.kadence-column1990_af9a92-bf > .kt-inside-inner-col:before{border-top-left-radius:0px;border-top-right-radius:0px;border-bottom-right-radius:0px;border-bottom-left-radius:0px;}.kadence-column1990_af9a92-bf > .kt-inside-inner-col{column-gap:var(--global-kb-gap-sm, 1rem);}.kadence-column1990_af9a92-bf > .kt-inside-inner-col{flex-direction:column;}.kadence-column1990_af9a92-bf > .kt-inside-inner-col > .aligncenter{width:100%;}.kadence-column1990_af9a92-bf > .kt-inside-inner-col:before{opacity:0.3;}.kadence-column1990_af9a92-bf{position:relative;}@media all and (max-width: 1024px){.kadence-column1990_af9a92-bf > .kt-inside-inner-col{flex-direction:column;justify-content:center;}}@media all and (max-width: 767px){.kadence-column1990_af9a92-bf > .kt-inside-inner-col{flex-direction:column;justify-content:center;}}<\/style>\n<div class=\"wp-block-kadence-column kadence-column1990_af9a92-bf inner-column-1\"><div class=\"kt-inside-inner-col\"><style>.kb-row-layout-id1990_2c8ef0-ec > .kt-row-column-wrap{align-content:start;}:where(.kb-row-layout-id1990_2c8ef0-ec > .kt-row-column-wrap) > .wp-block-kadence-column{justify-content:start;}.kb-row-layout-id1990_2c8ef0-ec > .kt-row-column-wrap{column-gap:var(--global-kb-gap-md, 2rem);row-gap:var(--global-kb-gap-md, 2rem);padding-top:var(--global-kb-spacing-sm, 1.5rem);padding-bottom:var(--global-kb-spacing-sm, 1.5rem);grid-template-columns:minmax(0, 1fr) minmax(0, 2fr);}.kb-row-layout-id1990_2c8ef0-ec > .kt-row-layout-overlay{opacity:0.30;}@media all and (max-width: 1024px){.kb-row-layout-id1990_2c8ef0-ec > .kt-row-column-wrap{grid-template-columns:repeat(2, minmax(0, 1fr));}}@media all and (max-width: 767px){.kb-row-layout-id1990_2c8ef0-ec > .kt-row-column-wrap{grid-template-columns:minmax(0, 1fr);}}<\/style><div class=\"kb-row-layout-wrap kb-row-layout-id1990_2c8ef0-ec alignwide wp-block-kadence-rowlayout\"><div class=\"kt-row-column-wrap kt-has-2-columns kt-row-layout-right-golden kt-tab-layout-equal kt-mobile-layout-row kt-row-valign-top\">\n<style>.kadence-column1990_69b53a-02 > .kt-inside-inner-col,.kadence-column1990_69b53a-02 > .kt-inside-inner-col:before{border-top-left-radius:0px;border-top-right-radius:0px;border-bottom-right-radius:0px;border-bottom-left-radius:0px;}.kadence-column1990_69b53a-02 > .kt-inside-inner-col{column-gap:var(--global-kb-gap-sm, 1rem);}.kadence-column1990_69b53a-02 > .kt-inside-inner-col{flex-direction:column;}.kadence-column1990_69b53a-02 > .kt-inside-inner-col > .aligncenter{width:100%;}.kadence-column1990_69b53a-02 > .kt-inside-inner-col:before{opacity:0.3;}.kadence-column1990_69b53a-02{position:relative;}@media all and (max-width: 1024px){.kadence-column1990_69b53a-02 > .kt-inside-inner-col{flex-direction:column;justify-content:center;}}@media all and (max-width: 767px){.kadence-column1990_69b53a-02 > .kt-inside-inner-col{flex-direction:column;justify-content:center;}}<\/style>\n<div class=\"wp-block-kadence-column kadence-column1990_69b53a-02 inner-column-1\"><div class=\"kt-inside-inner-col\"><style>.kb-image1990_c2786f-3b .kb-image-has-overlay:after{opacity:0.3;}@media all and (max-width: 767px){.kb-image1990_c2786f-3b.kb-image-is-ratio-size, .kb-image1990_c2786f-3b .kb-image-is-ratio-size{max-width:360px;width:100%;}.kb-image1990_c2786f-3b{max-width:360px;}}<\/style>\n<figure class=\"wp-block-kadence-image kb-image1990_c2786f-3b\"><img loading=\"lazy\" decoding=\"async\" width=\"360\" height=\"640\" src=\"https:\/\/www.photokick.eu\/wp-content\/uploads\/2023\/02\/Stories-template-1080x1920-ex.-01-1.webp\" alt=\"Stories template 1080x1920 ex.-01\" class=\"kb-img wp-image-979\" srcset=\"https:\/\/www.photokick.eu\/wp-content\/uploads\/2023\/02\/Stories-template-1080x1920-ex.-01-1.webp 360w, https:\/\/www.photokick.eu\/wp-content\/uploads\/2023\/02\/Stories-template-1080x1920-ex.-01-1-169x300.webp 169w\" sizes=\"auto, (max-width: 360px) 100vw, 360px\" \/><\/figure>\n<\/div><\/div>\n\n\n<style>.kadence-column1990_7587b0-98 > .kt-inside-inner-col{display:flex;}.kadence-column1990_7587b0-98 > .kt-inside-inner-col{padding-right:25px;padding-left:25px;}.kadence-column1990_7587b0-98 > .kt-inside-inner-col,.kadence-column1990_7587b0-98 > .kt-inside-inner-col:before{border-top-left-radius:0px;border-top-right-radius:0px;border-bottom-right-radius:0px;border-bottom-left-radius:0px;}.kadence-column1990_7587b0-98 > .kt-inside-inner-col{column-gap:var(--global-kb-gap-sm, 1rem);}.kadence-column1990_7587b0-98 > .kt-inside-inner-col{flex-direction:column;justify-content:center;}.kadence-column1990_7587b0-98 > .kt-inside-inner-col > .aligncenter{width:100%;}.kt-row-column-wrap > .kadence-column1990_7587b0-98{align-self:center;}.kt-inner-column-height-full:not(.kt-has-1-columns) > .wp-block-kadence-column.kadence-column1990_7587b0-98{align-self:auto;}.kt-inner-column-height-full:not(.kt-has-1-columns) > .wp-block-kadence-column.kadence-column1990_7587b0-98 > .kt-inside-inner-col{flex-direction:column;justify-content:center;}.kadence-column1990_7587b0-98 > .kt-inside-inner-col:before{opacity:0.3;}.kadence-column1990_7587b0-98{position:relative;}@media all and (max-width: 1024px){.kt-row-column-wrap > .kadence-column1990_7587b0-98{align-self:center;}}@media all and (max-width: 1024px){.kt-inner-column-height-full:not(.kt-has-1-columns) > .wp-block-kadence-column.kadence-column1990_7587b0-98{align-self:auto;}}@media all and (max-width: 1024px){.kt-inner-column-height-full:not(.kt-has-1-columns) > .wp-block-kadence-column.kadence-column1990_7587b0-98 > .kt-inside-inner-col{flex-direction:column;justify-content:center;}}@media all and (max-width: 1024px){.kadence-column1990_7587b0-98 > .kt-inside-inner-col{flex-direction:column;justify-content:center;}}@media all and (max-width: 767px){.kt-row-column-wrap > .kadence-column1990_7587b0-98{align-self:center;}.kt-inner-column-height-full:not(.kt-has-1-columns) > .wp-block-kadence-column.kadence-column1990_7587b0-98{align-self:auto;}.kt-inner-column-height-full:not(.kt-has-1-columns) > .wp-block-kadence-column.kadence-column1990_7587b0-98 > .kt-inside-inner-col{flex-direction:column;justify-content:center;}.kadence-column1990_7587b0-98 > .kt-inside-inner-col{flex-direction:column;justify-content:center;}}<\/style>\n<div class=\"wp-block-kadence-column kadence-column1990_7587b0-98 inner-column-2\"><div class=\"kt-inside-inner-col\"><style>.kb-row-layout-id1990_d56818-d4 > .kt-row-column-wrap{align-content:start;}:where(.kb-row-layout-id1990_d56818-d4 > .kt-row-column-wrap) > .wp-block-kadence-column{justify-content:start;}.kb-row-layout-id1990_d56818-d4 > .kt-row-column-wrap{column-gap:var(--global-kb-gap-md, 2rem);row-gap:var(--global-kb-gap-md, 2rem);padding-top:var(--global-kb-spacing-sm, 1.5rem);padding-bottom:var(--global-kb-spacing-sm, 1.5rem);grid-template-columns:minmax(0, 1fr);}.kb-row-layout-id1990_d56818-d4 > .kt-row-layout-overlay{opacity:0.30;}@media all and (max-width: 1024px){.kb-row-layout-id1990_d56818-d4 > .kt-row-column-wrap{grid-template-columns:minmax(0, 1fr);}}@media all and (max-width: 767px){.kb-row-layout-id1990_d56818-d4 > .kt-row-column-wrap{padding-top:25px;grid-template-columns:minmax(0, 1fr);}}<\/style><div class=\"kb-row-layout-wrap kb-row-layout-id1990_d56818-d4 alignnone wp-block-kadence-rowlayout\"><div class=\"kt-row-column-wrap kt-has-1-columns kt-row-layout-equal kt-tab-layout-inherit kt-mobile-layout-row kt-row-valign-top\">\n<style>.kadence-column1990_91aa23-7f > .kt-inside-inner-col,.kadence-column1990_91aa23-7f > .kt-inside-inner-col:before{border-top-left-radius:0px;border-top-right-radius:0px;border-bottom-right-radius:0px;border-bottom-left-radius:0px;}.kadence-column1990_91aa23-7f > .kt-inside-inner-col{column-gap:var(--global-kb-gap-sm, 1rem);}.kadence-column1990_91aa23-7f > .kt-inside-inner-col{flex-direction:column;}.kadence-column1990_91aa23-7f > .kt-inside-inner-col > .aligncenter{width:100%;}.kadence-column1990_91aa23-7f > .kt-inside-inner-col:before{opacity:0.3;}.kadence-column1990_91aa23-7f{position:relative;}@media all and (max-width: 1024px){.kadence-column1990_91aa23-7f > .kt-inside-inner-col{flex-direction:column;justify-content:center;}}@media all and (max-width: 767px){.kadence-column1990_91aa23-7f > .kt-inside-inner-col{flex-direction:column;justify-content:center;}}<\/style>\n<div class=\"wp-block-kadence-column kadence-column1990_91aa23-7f inner-column-1\"><div class=\"kt-inside-inner-col\"><style>.wp-block-kadence-advancedheading.kt-adv-heading1990_628740-83, .wp-block-kadence-advancedheading.kt-adv-heading1990_628740-83[data-kb-block=\"kb-adv-heading1990_628740-83\"]{font-size:20px;font-style:normal;}.wp-block-kadence-advancedheading.kt-adv-heading1990_628740-83 mark.kt-highlight, .wp-block-kadence-advancedheading.kt-adv-heading1990_628740-83[data-kb-block=\"kb-adv-heading1990_628740-83\"] mark.kt-highlight{font-style:normal;color:#f76a0c;-webkit-box-decoration-break:clone;box-decoration-break:clone;padding-top:0px;padding-right:0px;padding-bottom:0px;padding-left:0px;}.wp-block-kadence-advancedheading.kt-adv-heading1990_628740-83 img.kb-inline-image, .wp-block-kadence-advancedheading.kt-adv-heading1990_628740-83[data-kb-block=\"kb-adv-heading1990_628740-83\"] img.kb-inline-image{width:150px;vertical-align:baseline;}@media all and (max-width: 1024px){.wp-block-kadence-advancedheading.kt-adv-heading1990_628740-83, .wp-block-kadence-advancedheading.kt-adv-heading1990_628740-83[data-kb-block=\"kb-adv-heading1990_628740-83\"]{font-size:18px;}}@media all and (max-width: 767px){.wp-block-kadence-advancedheading.kt-adv-heading1990_628740-83, .wp-block-kadence-advancedheading.kt-adv-heading1990_628740-83[data-kb-block=\"kb-adv-heading1990_628740-83\"]{font-size:18px;}}<\/style>\n<p class=\"kt-adv-heading1990_628740-83 wp-block-kadence-advancedheading\" data-kb-block=\"kb-adv-heading1990_628740-83\">Projekto metu planuojama sukurti du intelektinius produktus, skirtus neformaliajam suaugusi\u0173j\u0173 \u0161vietimui:<\/p>\n<\/div><\/div>\n\n<\/div><\/div>\n\n\n<ol class=\"wp-block-list\" style=\"padding-top:var(--wp--preset--spacing--40);padding-right:var(--wp--preset--spacing--40);padding-bottom:var(--wp--preset--spacing--40);padding-left:var(--wp--preset--spacing--40);font-size:18px\">\n<li><a href=\"https:\/\/www.photokick.eu\/lt\/rezultatai\/parodu-kurimo-gaires\/\">edukacini\u0173 parod\u0173 k\u016brimo gaires<\/a>;<\/li>\n\n\n\n<li><a href=\"https:\/\/www.photokick.eu\/lt\/rezultatai\/edukacines-parodos-programa\/\">tarptautin\u0117s (bendras partneri\u0173 produktas), edukacin\u0117s, menin\u0117s fotografijos parodos program\u0105<\/a>.<\/li>\n<\/ol>\n\n\n<style>.wp-block-kadence-advancedheading.kt-adv-heading1990_f7e5a5-b9, .wp-block-kadence-advancedheading.kt-adv-heading1990_f7e5a5-b9[data-kb-block=\"kb-adv-heading1990_f7e5a5-b9\"]{font-size:20px;font-style:normal;}.wp-block-kadence-advancedheading.kt-adv-heading1990_f7e5a5-b9 mark.kt-highlight, .wp-block-kadence-advancedheading.kt-adv-heading1990_f7e5a5-b9[data-kb-block=\"kb-adv-heading1990_f7e5a5-b9\"] mark.kt-highlight{font-style:normal;color:#f76a0c;-webkit-box-decoration-break:clone;box-decoration-break:clone;padding-top:0px;padding-right:0px;padding-bottom:0px;padding-left:0px;}.wp-block-kadence-advancedheading.kt-adv-heading1990_f7e5a5-b9 img.kb-inline-image, .wp-block-kadence-advancedheading.kt-adv-heading1990_f7e5a5-b9[data-kb-block=\"kb-adv-heading1990_f7e5a5-b9\"] img.kb-inline-image{width:150px;vertical-align:baseline;}@media all and (max-width: 1024px){.wp-block-kadence-advancedheading.kt-adv-heading1990_f7e5a5-b9, .wp-block-kadence-advancedheading.kt-adv-heading1990_f7e5a5-b9[data-kb-block=\"kb-adv-heading1990_f7e5a5-b9\"]{font-size:18px;}}@media all and (max-width: 767px){.wp-block-kadence-advancedheading.kt-adv-heading1990_f7e5a5-b9, .wp-block-kadence-advancedheading.kt-adv-heading1990_f7e5a5-b9[data-kb-block=\"kb-adv-heading1990_f7e5a5-b9\"]{font-size:18px;}}<\/style>\n<p class=\"kt-adv-heading1990_f7e5a5-b9 wp-block-kadence-advancedheading\" data-kb-block=\"kb-adv-heading1990_f7e5a5-b9\">Projekto rezultatai bus vie\u0161ai prieinami. Rezultatai bus skirti neformaliajam suaugusi\u0173j\u0173 \u0161vietimui: socialinei ir kult\u016brinei \u012ftrauk\u010diai; andragog\u0173 ir besimokan\u010di\u0173j\u0173 geb\u0117jim\u0173 ir kompetencij\u0173 ugdymui; akira\u010dio pl\u0117timui; k\u016brybi\u0161kumo, meninio stiliaus ir inovatyvumo ugdymui.<\/p>\n<\/div><\/div>\n\n<\/div><\/div><\/div><\/div>\n\n<\/div><\/div>","protected":false},"excerpt":{"rendered":"<p>Projekto metu planuojama sukurti du intelektinius produktus, skirtus neformaliajam suaugusi\u0173j\u0173 \u0161vietimui: Projekto rezultatai bus vie\u0161ai prieinami. Rezultatai bus skirti neformaliajam suaugusi\u0173j\u0173 \u0161vietimui: socialinei ir kult\u016brinei \u012ftrauk\u010diai; andragog\u0173 ir besimokan\u010di\u0173j\u0173 geb\u0117jim\u0173 ir kompetencij\u0173 ugdymui; akira\u010dio pl\u0117timui; k\u016brybi\u0161kumo, meninio stiliaus ir inovatyvumo ugdymui.<\/p>\n","protected":false},"author":1,"featured_media":1846,"parent":0,"menu_order":0,"comment_status":"closed","ping_status":"closed","template":"","meta":{"_kad_blocks_custom_css":"","_kad_blocks_head_custom_js":"","_kad_blocks_body_custom_js":"","_kad_blocks_footer_custom_js":"","_kad_post_transparent":"enable","_kad_post_title":"show","_kad_post_layout":"narrow","_kad_post_sidebar_id":"","_kad_post_content_style":"unboxed","_kad_post_vertical_padding":"hide","_kad_post_feature":"","_kad_post_feature_position":"","_kad_post_header":false,"_kad_post_footer":false,"_kad_post_classname":"","slim_seo":{"title":"Rezultatai - Photokick","description":""},"iawp_total_views":6,"footnotes":""},"class_list":["post-1990","page","type-page","status-publish","has-post-thumbnail","hentry"],"taxonomy_info":[],"featured_image_src_large":["https:\/\/www.photokick.eu\/wp-content\/uploads\/2023\/02\/baner-fb-blue-results-1024x538.webp",1024,538,true],"author_info":{"display_name":"Marius Apulskis","author_link":"https:\/\/www.photokick.eu\/lt\/author\/cf3d24ef3bcac6f9\/"},"comment_info":0,"_links":{"self":[{"href":"https:\/\/www.photokick.eu\/lt\/wp-json\/wp\/v2\/pages\/1990","targetHints":{"allow":["GET"]}}],"collection":[{"href":"https:\/\/www.photokick.eu\/lt\/wp-json\/wp\/v2\/pages"}],"about":[{"href":"https:\/\/www.photokick.eu\/lt\/wp-json\/wp\/v2\/types\/page"}],"author":[{"embeddable":true,"href":"https:\/\/www.photokick.eu\/lt\/wp-json\/wp\/v2\/users\/1"}],"replies":[{"embeddable":true,"href":"https:\/\/www.photokick.eu\/lt\/wp-json\/wp\/v2\/comments?post=1990"}],"version-history":[{"count":0,"href":"https:\/\/www.photokick.eu\/lt\/wp-json\/wp\/v2\/pages\/1990\/revisions"}],"wp:featuredmedia":[{"embeddable":true,"href":"https:\/\/www.photokick.eu\/lt\/wp-json\/wp\/v2\/media\/1846"}],"wp:attachment":[{"href":"https:\/\/www.photokick.eu\/lt\/wp-json\/wp\/v2\/media?parent=1990"}],"curies":[{"name":"wp","href":"https:\/\/api.w.org\/{rel}","templated":true}]}}