{"id":2676,"date":"2023-08-08T11:46:06","date_gmt":"2023-08-08T08:46:06","guid":{"rendered":"https:\/\/photokick.eu\/rezultatai\/parodu-kurimo-gaires\/"},"modified":"2023-08-08T14:41:46","modified_gmt":"2023-08-08T11:41:46","slug":"parodu-kurimo-gaires","status":"publish","type":"page","link":"https:\/\/www.photokick.eu\/lt\/rezultatai\/parodu-kurimo-gaires\/","title":{"rendered":"Parod\u0173 k\u016brimo gair\u0117s"},"content":{"rendered":"<style>.kb-row-layout-id2676_48d9ee-0a > .kt-row-column-wrap{align-content:start;}:where(.kb-row-layout-id2676_48d9ee-0a > .kt-row-column-wrap) > .wp-block-kadence-column{justify-content:start;}.kb-row-layout-id2676_48d9ee-0a > .kt-row-column-wrap{column-gap:var(--global-kb-gap-md, 2rem);row-gap:var(--global-kb-gap-sm, 1rem);padding-top:var(--global-kb-spacing-xxs, 0.5rem);padding-bottom:var(--global-kb-spacing-xxs, 0.5rem);grid-template-columns:minmax(0, 1fr);}.kb-row-layout-id2676_48d9ee-0a > .kt-row-layout-overlay{opacity:0.30;}@media all and (max-width: 1024px){.kb-row-layout-id2676_48d9ee-0a > .kt-row-column-wrap{grid-template-columns:minmax(0, 1fr);}}@media all and (max-width: 767px){.kb-row-layout-id2676_48d9ee-0a > .kt-row-column-wrap{grid-template-columns:minmax(0, 1fr);}}<\/style><div class=\"kb-row-layout-wrap kb-row-layout-id2676_48d9ee-0a alignnone has-theme-palette3-background-color kt-row-has-bg wp-block-kadence-rowlayout\"><div class=\"kt-row-column-wrap kt-has-1-columns kt-row-layout-equal kt-tab-layout-inherit kt-mobile-layout-row kt-row-valign-top\">\n<style>.kadence-column2676_7612eb-c2 > .kt-inside-inner-col,.kadence-column2676_7612eb-c2 > .kt-inside-inner-col:before{border-top-left-radius:0px;border-top-right-radius:0px;border-bottom-right-radius:0px;border-bottom-left-radius:0px;}.kadence-column2676_7612eb-c2 > .kt-inside-inner-col{column-gap:var(--global-kb-gap-sm, 1rem);}.kadence-column2676_7612eb-c2 > .kt-inside-inner-col{flex-direction:column;}.kadence-column2676_7612eb-c2 > .kt-inside-inner-col > .aligncenter{width:100%;}.kadence-column2676_7612eb-c2 > .kt-inside-inner-col:before{opacity:0.3;}.kadence-column2676_7612eb-c2{position:relative;}@media all and (max-width: 1024px){.kadence-column2676_7612eb-c2 > .kt-inside-inner-col{flex-direction:column;justify-content:center;}}@media all and (max-width: 767px){.kadence-column2676_7612eb-c2 > .kt-inside-inner-col{flex-direction:column;justify-content:center;}}<\/style>\n<div class=\"wp-block-kadence-column kadence-column2676_7612eb-c2\"><div class=\"kt-inside-inner-col\"><style>.kb-row-layout-id2676_0ed640-44 > .kt-row-column-wrap{align-content:start;}:where(.kb-row-layout-id2676_0ed640-44 > .kt-row-column-wrap) > .wp-block-kadence-column{justify-content:start;}.kb-row-layout-id2676_0ed640-44 > .kt-row-column-wrap{column-gap:var(--global-kb-gap-md, 2rem);row-gap:var(--global-kb-gap-md, 2rem);max-width:var( --global-content-width, 1290px );padding-left:var(--global-content-edge-padding);padding-right:var(--global-content-edge-padding);padding-top:var(--global-kb-spacing-sm, 1.5rem);padding-bottom:var(--global-kb-spacing-sm, 1.5rem);grid-template-columns:minmax(0, calc(75% - ((var(--global-kb-gap-md, 2rem) * 1 )\/2)))minmax(0, calc(25% - ((var(--global-kb-gap-md, 2rem) * 1 )\/2)));}.kb-row-layout-id2676_0ed640-44 > .kt-row-layout-overlay{opacity:0.30;}@media all and (max-width: 1024px){.kb-row-layout-id2676_0ed640-44 > .kt-row-column-wrap{grid-template-columns:repeat(2, minmax(0, 1fr));}}@media all and (max-width: 767px){.kb-row-layout-id2676_0ed640-44 > .kt-row-column-wrap{grid-template-columns:minmax(0, 1fr);}}<\/style><div class=\"kb-row-layout-wrap kb-row-layout-id2676_0ed640-44 alignnone wp-block-kadence-rowlayout\"><div class=\"kt-row-column-wrap kt-has-2-columns kt-row-layout-equal kt-tab-layout-inherit kt-mobile-layout-row kt-row-valign-top kb-theme-content-width\">\n<style>.kadence-column2676_c10017-1f > .kt-inside-inner-col,.kadence-column2676_c10017-1f > .kt-inside-inner-col:before{border-top-left-radius:0px;border-top-right-radius:0px;border-bottom-right-radius:0px;border-bottom-left-radius:0px;}.kadence-column2676_c10017-1f > .kt-inside-inner-col{column-gap:var(--global-kb-gap-sm, 1rem);}.kadence-column2676_c10017-1f > .kt-inside-inner-col{flex-direction:column;}.kadence-column2676_c10017-1f > .kt-inside-inner-col > .aligncenter{width:100%;}.kadence-column2676_c10017-1f > .kt-inside-inner-col:before{opacity:0.3;}.kadence-column2676_c10017-1f{position:relative;}@media all and (max-width: 1024px){.kadence-column2676_c10017-1f > .kt-inside-inner-col{flex-direction:column;justify-content:center;}}@media all and (max-width: 767px){.kadence-column2676_c10017-1f > .kt-inside-inner-col{flex-direction:column;justify-content:center;}}<\/style>\n<div class=\"wp-block-kadence-column kadence-column2676_c10017-1f\"><div class=\"kt-inside-inner-col\"><style>.wp-block-kadence-advancedheading.kt-adv-heading2676_ef095e-9b, .wp-block-kadence-advancedheading.kt-adv-heading2676_ef095e-9b[data-kb-block=\"kb-adv-heading2676_ef095e-9b\"]{text-align:left;font-style:normal;}.wp-block-kadence-advancedheading.kt-adv-heading2676_ef095e-9b mark.kt-highlight, .wp-block-kadence-advancedheading.kt-adv-heading2676_ef095e-9b[data-kb-block=\"kb-adv-heading2676_ef095e-9b\"] mark.kt-highlight{font-style:normal;color:#f76a0c;-webkit-box-decoration-break:clone;box-decoration-break:clone;padding-top:0px;padding-right:0px;padding-bottom:0px;padding-left:0px;}.wp-block-kadence-advancedheading.kt-adv-heading2676_ef095e-9b img.kb-inline-image, .wp-block-kadence-advancedheading.kt-adv-heading2676_ef095e-9b[data-kb-block=\"kb-adv-heading2676_ef095e-9b\"] img.kb-inline-image{width:150px;vertical-align:baseline;}<\/style>\n<h2 class=\"kt-adv-heading2676_ef095e-9b wp-block-kadence-advancedheading has-kb-palette-7-color has-text-color\" data-kb-block=\"kb-adv-heading2676_ef095e-9b\">Edukacini\u0173 fotografijos parod\u0173 k\u016brimo gair\u0117s<\/h2>\n\n\n<style>.wp-block-kadence-advancedheading.kt-adv-heading2676_6facf8-e1, .wp-block-kadence-advancedheading.kt-adv-heading2676_6facf8-e1[data-kb-block=\"kb-adv-heading2676_6facf8-e1\"]{font-size:var(--global-kb-font-size-md, 1.25rem);font-style:normal;}.wp-block-kadence-advancedheading.kt-adv-heading2676_6facf8-e1 mark.kt-highlight, .wp-block-kadence-advancedheading.kt-adv-heading2676_6facf8-e1[data-kb-block=\"kb-adv-heading2676_6facf8-e1\"] mark.kt-highlight{font-style:normal;color:#f76a0c;-webkit-box-decoration-break:clone;box-decoration-break:clone;padding-top:0px;padding-right:0px;padding-bottom:0px;padding-left:0px;}.wp-block-kadence-advancedheading.kt-adv-heading2676_6facf8-e1 img.kb-inline-image, .wp-block-kadence-advancedheading.kt-adv-heading2676_6facf8-e1[data-kb-block=\"kb-adv-heading2676_6facf8-e1\"] img.kb-inline-image{width:150px;vertical-align:baseline;}<\/style>\n<p class=\"kt-adv-heading2676_6facf8-e1 wp-block-kadence-advancedheading has-kb-palette-7-color has-text-color\" data-kb-block=\"kb-adv-heading2676_6facf8-e1\">Edukacini\u0173 fotografijos parod\u0173 k\u016brimo gair\u0117s \u2013 tai \u012f\u017evalgos ir rekomendacijos apie auk\u0161tos kokyb\u0117s profesionali\u0173 fotografijos parod\u0173 k\u016brimo aspektus ir inovatyvi\u0173 metod\u0173 paie\u0161kas, siekiant pl\u0117toti edukacinius fotografijos parod\u0173 aspektus. \u0160\u012f sistemin\u012f vadov\u0105 pareng\u0117 Erasmus+ projekto \u201ePhotoKICK\u201c partneriai. Jame pateikiami praktiniai kiekvienos organizacijos-partner\u0117s edukacini\u0173 fotografijos parod\u0173 pavyzd\u017eiai, taip pat supa\u017eindinama su pagrindiniais parod\u0173 kuravimo etapais. \u0160ios gair\u0117s \u2013 tai pirmas \u017eingsnis visiems norintiems su\u017einoti, kaip edukacijos ir fotografijos ry\u0161ys gali b\u016bti naudingas k\u016br\u0117jams, edukatoriams ir bendruomen\u0117ms skatinant menin\u012f ugdym\u0105, \u012fsitraukim\u0105, mokym\u0105si vis\u0105 gyvenim\u0105 ir k\u016brybi\u0161kum\u0105.<\/p>\n\n\n<style>.wp-block-kadence-advancedbtn.kb-btns2676_a287a1-49{gap:var(--global-kb-gap-xs, 0.5rem );justify-content:center;align-items:center;}.kt-btns2676_a287a1-49 .kt-button{font-weight:normal;font-style:normal;}.kt-btns2676_a287a1-49 .kt-btn-wrap-0{margin-right:5px;}.wp-block-kadence-advancedbtn.kt-btns2676_a287a1-49 .kt-btn-wrap-0 .kt-button{color:#555555;border-color:#555555;}.wp-block-kadence-advancedbtn.kt-btns2676_a287a1-49 .kt-btn-wrap-0 .kt-button:hover, .wp-block-kadence-advancedbtn.kt-btns2676_a287a1-49 .kt-btn-wrap-0 .kt-button:focus{color:#ffffff;border-color:#444444;}.wp-block-kadence-advancedbtn.kt-btns2676_a287a1-49 .kt-btn-wrap-0 .kt-button::before{display:none;}.wp-block-kadence-advancedbtn.kt-btns2676_a287a1-49 .kt-btn-wrap-0 .kt-button:hover, .wp-block-kadence-advancedbtn.kt-btns2676_a287a1-49 .kt-btn-wrap-0 .kt-button:focus{background:#444444;}<\/style>\n<div class=\"wp-block-kadence-advancedbtn kb-buttons-wrap kb-btns2676_a287a1-49\"><style>ul.menu .wp-block-kadence-advancedbtn .kb-btn2676_4ff8c0-47.kb-button{width:initial;}.wp-block-kadence-advancedbtn .kb-btn2676_4ff8c0-47.kb-button{color:#f6f6f6;background:var(--global-palette3, #1A202C);border-top:3px solid #ffffff;border-right:3px solid #ffffff;border-bottom:3px solid #ffffff;border-left:3px solid #ffffff;}.wp-block-kadence-advancedbtn .kb-btn2676_4ff8c0-47.kb-button:hover, .wp-block-kadence-advancedbtn .kb-btn2676_4ff8c0-47.kb-button:focus{color:var(--global-palette3, #1A202C);background:#ffffff;}@media all and (max-width: 1024px){.wp-block-kadence-advancedbtn .kb-btn2676_4ff8c0-47.kb-button{border-top:3px solid #ffffff;border-right:3px solid #ffffff;border-bottom:3px solid #ffffff;border-left:3px solid #ffffff;}}@media all and (max-width: 767px){.wp-block-kadence-advancedbtn .kb-btn2676_4ff8c0-47.kb-button{border-top:3px solid #ffffff;border-right:3px solid #ffffff;border-bottom:3px solid #ffffff;border-left:3px solid #ffffff;}}<\/style><a class=\"kb-button kt-button button kb-btn2676_4ff8c0-47 kt-btn-size-standard kt-btn-width-type-auto kb-btn-global-fill  kt-btn-has-text-true kt-btn-has-svg-true  wp-block-kadence-singlebtn\" href=\"https:\/\/bit.ly\/3OsRFTB\" download=\"\" target=\"_blank\" rel=\"noreferrer noopener\"><span class=\"kt-btn-inner-text\">Atsisi\u0173sti PDF<\/span><span class=\"kb-svg-icon-wrap kb-svg-icon-fas_file-pdf kt-btn-icon-side-right\"><svg viewBox=\"0 0 384 512\"  fill=\"currentColor\" xmlns=\"http:\/\/www.w3.org\/2000\/svg\"  aria-hidden=\"true\"><path d=\"M181.9 256.1c-5-16-4.9-46.9-2-46.9 8.4 0 7.6 36.9 2 46.9zm-1.7 47.2c-7.7 20.2-17.3 43.3-28.4 62.7 18.3-7 39-17.2 62.9-21.9-12.7-9.6-24.9-23.4-34.5-40.8zM86.1 428.1c0 .8 13.2-5.4 34.9-40.2-6.7 6.3-29.1 24.5-34.9 40.2zM248 160h136v328c0 13.3-10.7 24-24 24H24c-13.3 0-24-10.7-24-24V24C0 10.7 10.7 0 24 0h200v136c0 13.2 10.8 24 24 24zm-8 171.8c-20-12.2-33.3-29-42.7-53.8 4.5-18.5 11.6-46.6 6.2-64.2-4.7-29.4-42.4-26.5-47.8-6.8-5 18.3-.4 44.1 8.1 77-11.6 27.6-28.7 64.6-40.8 85.8-.1 0-.1.1-.2.1-27.1 13.9-73.6 44.5-54.5 68 5.6 6.9 16 10 21.5 10 17.9 0 35.7-18 61.1-61.8 25.8-8.5 54.1-19.1 79-23.2 21.7 11.8 47.1 19.5 64 19.5 29.2 0 31.2-32 19.7-43.4-13.9-13.6-54.3-9.7-73.6-7.2zM377 105L279 7c-4.5-4.5-10.6-7-17-7h-6v128h128v-6.1c0-6.3-2.5-12.4-7-16.9zm-74.1 255.3c4.1-2.7-2.5-11.9-42.8-9 37.1 15.8 42.8 9 42.8 9z\"\/><\/svg><\/span><\/a><\/div>\n<\/div><\/div>\n\n\n<style>.kadence-column2676_92890b-4f > .kt-inside-inner-col{display:flex;}.kadence-column2676_92890b-4f > .kt-inside-inner-col,.kadence-column2676_92890b-4f > .kt-inside-inner-col:before{border-top-left-radius:0px;border-top-right-radius:0px;border-bottom-right-radius:0px;border-bottom-left-radius:0px;}.kadence-column2676_92890b-4f > .kt-inside-inner-col{column-gap:var(--global-kb-gap-sm, 1rem);}.kadence-column2676_92890b-4f > .kt-inside-inner-col{flex-direction:column;justify-content:center;}.kadence-column2676_92890b-4f > .kt-inside-inner-col > .aligncenter{width:100%;}.kt-row-column-wrap > .kadence-column2676_92890b-4f{align-self:center;}.kt-inner-column-height-full:not(.kt-has-1-columns) > .wp-block-kadence-column.kadence-column2676_92890b-4f{align-self:auto;}.kt-inner-column-height-full:not(.kt-has-1-columns) > .wp-block-kadence-column.kadence-column2676_92890b-4f > .kt-inside-inner-col{flex-direction:column;justify-content:center;}.kadence-column2676_92890b-4f > .kt-inside-inner-col:before{opacity:0.3;}.kadence-column2676_92890b-4f{position:relative;}@media all and (max-width: 1024px){.kt-row-column-wrap > .kadence-column2676_92890b-4f{align-self:center;}}@media all and (max-width: 1024px){.kt-inner-column-height-full:not(.kt-has-1-columns) > .wp-block-kadence-column.kadence-column2676_92890b-4f{align-self:auto;}}@media all and (max-width: 1024px){.kt-inner-column-height-full:not(.kt-has-1-columns) > .wp-block-kadence-column.kadence-column2676_92890b-4f > .kt-inside-inner-col{flex-direction:column;justify-content:center;}}@media all and (max-width: 1024px){.kadence-column2676_92890b-4f > .kt-inside-inner-col{flex-direction:column;justify-content:center;}}@media all and (max-width: 767px){.kt-row-column-wrap > .kadence-column2676_92890b-4f{align-self:center;}.kt-inner-column-height-full:not(.kt-has-1-columns) > .wp-block-kadence-column.kadence-column2676_92890b-4f{align-self:auto;}.kt-inner-column-height-full:not(.kt-has-1-columns) > .wp-block-kadence-column.kadence-column2676_92890b-4f > .kt-inside-inner-col{flex-direction:column;justify-content:center;}.kadence-column2676_92890b-4f > .kt-inside-inner-col{flex-direction:column;justify-content:center;}}<\/style>\n<div class=\"wp-block-kadence-column kadence-column2676_92890b-4f\"><div class=\"kt-inside-inner-col\"><style>.kb-image2676_d5d240-0f .kb-image-has-overlay:after{opacity:0.3;}<\/style>\n<figure class=\"wp-block-kadence-image kb-image2676_d5d240-0f size-full\"><img loading=\"lazy\" decoding=\"async\" width=\"686\" height=\"686\" src=\"https:\/\/www.photokick.eu\/wp-content\/uploads\/2023\/01\/Profile-pictures-ex.M-01.webp\" alt=\"Photokick profile pic red\" class=\"kb-img wp-image-246\" srcset=\"https:\/\/www.photokick.eu\/wp-content\/uploads\/2023\/01\/Profile-pictures-ex.M-01.webp 686w, https:\/\/www.photokick.eu\/wp-content\/uploads\/2023\/01\/Profile-pictures-ex.M-01-300x300.webp 300w, https:\/\/www.photokick.eu\/wp-content\/uploads\/2023\/01\/Profile-pictures-ex.M-01-150x150.webp 150w\" sizes=\"auto, (max-width: 686px) 100vw, 686px\" \/><\/figure>\n<\/div><\/div>\n\n<\/div><\/div><\/div><\/div>\n\n<\/div><\/div>","protected":false},"excerpt":{"rendered":"<p>Edukacini\u0173 fotografijos parod\u0173 k\u016brimo gair\u0117s Edukacini\u0173 fotografijos parod\u0173 k\u016brimo gair\u0117s \u2013 tai \u012f\u017evalgos ir rekomendacijos apie auk\u0161tos kokyb\u0117s profesionali\u0173 fotografijos parod\u0173 k\u016brimo aspektus ir inovatyvi\u0173 metod\u0173 paie\u0161kas, siekiant pl\u0117toti edukacinius fotografijos parod\u0173 aspektus. \u0160\u012f sistemin\u012f vadov\u0105 pareng\u0117 Erasmus+ projekto \u201ePhotoKICK\u201c partneriai. Jame pateikiami praktiniai kiekvienos organizacijos-partner\u0117s edukacini\u0173 fotografijos parod\u0173 pavyzd\u017eiai, taip pat supa\u017eindinama su pagrindiniais&#8230;<\/p>\n","protected":false},"author":1,"featured_media":0,"parent":1990,"menu_order":0,"comment_status":"closed","ping_status":"closed","template":"","meta":{"_kad_blocks_custom_css":"","_kad_blocks_head_custom_js":"","_kad_blocks_body_custom_js":"","_kad_blocks_footer_custom_js":"","_kad_post_transparent":"","_kad_post_title":"","_kad_post_layout":"","_kad_post_sidebar_id":"","_kad_post_content_style":"","_kad_post_vertical_padding":"","_kad_post_feature":"","_kad_post_feature_position":"","_kad_post_header":false,"_kad_post_footer":false,"_kad_post_classname":"","slim_seo":{"title":"Edukacini\u0173 fotografijos parod\u0173 k\u016brimo gair\u0117s","description":"Edukacini\u0173 fotografijos parod\u0173 k\u016brimo gair\u0117s \u2013 tai \u012f\u017evalgos ir rekomendacijos auk\u0161tos kokyb\u0117s profesionali\u0173 fotografijos parod\u0173 k\u016brimui"},"iawp_total_views":5,"footnotes":""},"class_list":["post-2676","page","type-page","status-publish","hentry"],"taxonomy_info":[],"featured_image_src_large":false,"author_info":{"display_name":"Marius Apulskis","author_link":"https:\/\/www.photokick.eu\/lt\/author\/cf3d24ef3bcac6f9\/"},"comment_info":0,"_links":{"self":[{"href":"https:\/\/www.photokick.eu\/lt\/wp-json\/wp\/v2\/pages\/2676","targetHints":{"allow":["GET"]}}],"collection":[{"href":"https:\/\/www.photokick.eu\/lt\/wp-json\/wp\/v2\/pages"}],"about":[{"href":"https:\/\/www.photokick.eu\/lt\/wp-json\/wp\/v2\/types\/page"}],"author":[{"embeddable":true,"href":"https:\/\/www.photokick.eu\/lt\/wp-json\/wp\/v2\/users\/1"}],"replies":[{"embeddable":true,"href":"https:\/\/www.photokick.eu\/lt\/wp-json\/wp\/v2\/comments?post=2676"}],"version-history":[{"count":0,"href":"https:\/\/www.photokick.eu\/lt\/wp-json\/wp\/v2\/pages\/2676\/revisions"}],"up":[{"embeddable":true,"href":"https:\/\/www.photokick.eu\/lt\/wp-json\/wp\/v2\/pages\/1990"}],"wp:attachment":[{"href":"https:\/\/www.photokick.eu\/lt\/wp-json\/wp\/v2\/media?parent=2676"}],"curies":[{"name":"wp","href":"https:\/\/api.w.org\/{rel}","templated":true}]}}