{"id":1920,"date":"2023-01-17T13:23:36","date_gmt":"2023-01-17T11:23:36","guid":{"rendered":"https:\/\/photokick.eu\/rezultati\/"},"modified":"2024-07-02T08:35:56","modified_gmt":"2024-07-02T05:35:56","slug":"rezultati","status":"publish","type":"page","link":"https:\/\/www.photokick.eu\/lv\/rezultati\/","title":{"rendered":"Rezult\u0101ti"},"content":{"rendered":"<style>.kb-row-layout-id1920_6cf7dc-59 > .kt-row-column-wrap{align-content:start;}:where(.kb-row-layout-id1920_6cf7dc-59 > .kt-row-column-wrap) > .wp-block-kadence-column{justify-content:start;}.kb-row-layout-id1920_6cf7dc-59 > .kt-row-column-wrap{column-gap:var(--global-kb-gap-md, 2rem);row-gap:var(--global-kb-gap-md, 2rem);padding-top:var(--global-kb-spacing-sm, 1.5rem);padding-bottom:var(--global-kb-spacing-sm, 1.5rem);grid-template-columns:minmax(0, 1fr);}.kb-row-layout-id1920_6cf7dc-59 > .kt-row-layout-overlay{opacity:0.30;}@media all and (max-width: 1024px){.kb-row-layout-id1920_6cf7dc-59 > .kt-row-column-wrap{grid-template-columns:minmax(0, 1fr);}}@media all and (max-width: 767px){.kb-row-layout-id1920_6cf7dc-59 > .kt-row-column-wrap{grid-template-columns:minmax(0, 1fr);}}<\/style><div class=\"kb-row-layout-wrap kb-row-layout-id1920_6cf7dc-59 alignwide wp-block-kadence-rowlayout\"><div class=\"kt-row-column-wrap kt-has-1-columns kt-row-layout-equal kt-tab-layout-inherit kt-mobile-layout-row kt-row-valign-top\">\n<style>.kadence-column1920_640522-24 > .kt-inside-inner-col,.kadence-column1920_640522-24 > .kt-inside-inner-col:before{border-top-left-radius:0px;border-top-right-radius:0px;border-bottom-right-radius:0px;border-bottom-left-radius:0px;}.kadence-column1920_640522-24 > .kt-inside-inner-col{column-gap:var(--global-kb-gap-sm, 1rem);}.kadence-column1920_640522-24 > .kt-inside-inner-col{flex-direction:column;}.kadence-column1920_640522-24 > .kt-inside-inner-col > .aligncenter{width:100%;}.kadence-column1920_640522-24 > .kt-inside-inner-col:before{opacity:0.3;}.kadence-column1920_640522-24{position:relative;}@media all and (max-width: 1024px){.kadence-column1920_640522-24 > .kt-inside-inner-col{flex-direction:column;justify-content:center;}}@media all and (max-width: 767px){.kadence-column1920_640522-24 > .kt-inside-inner-col{flex-direction:column;justify-content:center;}}<\/style>\n<div class=\"wp-block-kadence-column kadence-column1920_640522-24 inner-column-1\"><div class=\"kt-inside-inner-col\"><style>.kb-row-layout-id1920_3c6708-3a > .kt-row-column-wrap{align-content:start;}:where(.kb-row-layout-id1920_3c6708-3a > .kt-row-column-wrap) > .wp-block-kadence-column{justify-content:start;}.kb-row-layout-id1920_3c6708-3a > .kt-row-column-wrap{column-gap:var(--global-kb-gap-md, 2rem);row-gap:var(--global-kb-gap-md, 2rem);padding-top:var(--global-kb-spacing-sm, 1.5rem);padding-bottom:var(--global-kb-spacing-sm, 1.5rem);grid-template-columns:minmax(0, 1fr) minmax(0, 2fr);}.kb-row-layout-id1920_3c6708-3a > .kt-row-layout-overlay{opacity:0.30;}@media all and (max-width: 1024px){.kb-row-layout-id1920_3c6708-3a > .kt-row-column-wrap{grid-template-columns:repeat(2, minmax(0, 1fr));}}@media all and (max-width: 767px){.kb-row-layout-id1920_3c6708-3a > .kt-row-column-wrap{grid-template-columns:minmax(0, 1fr);}}<\/style><div class=\"kb-row-layout-wrap kb-row-layout-id1920_3c6708-3a alignwide wp-block-kadence-rowlayout\"><div class=\"kt-row-column-wrap kt-has-2-columns kt-row-layout-right-golden kt-tab-layout-equal kt-mobile-layout-row kt-row-valign-top\">\n<style>.kadence-column1920_8927b9-d9 > .kt-inside-inner-col,.kadence-column1920_8927b9-d9 > .kt-inside-inner-col:before{border-top-left-radius:0px;border-top-right-radius:0px;border-bottom-right-radius:0px;border-bottom-left-radius:0px;}.kadence-column1920_8927b9-d9 > .kt-inside-inner-col{column-gap:var(--global-kb-gap-sm, 1rem);}.kadence-column1920_8927b9-d9 > .kt-inside-inner-col{flex-direction:column;}.kadence-column1920_8927b9-d9 > .kt-inside-inner-col > .aligncenter{width:100%;}.kadence-column1920_8927b9-d9 > .kt-inside-inner-col:before{opacity:0.3;}.kadence-column1920_8927b9-d9{position:relative;}@media all and (max-width: 1024px){.kadence-column1920_8927b9-d9 > .kt-inside-inner-col{flex-direction:column;justify-content:center;}}@media all and (max-width: 767px){.kadence-column1920_8927b9-d9 > .kt-inside-inner-col{flex-direction:column;justify-content:center;}}<\/style>\n<div class=\"wp-block-kadence-column kadence-column1920_8927b9-d9 inner-column-1\"><div class=\"kt-inside-inner-col\"><style>.kb-image1920_58ba87-fb .kb-image-has-overlay:after{opacity:0.3;}@media all and (max-width: 767px){.kb-image1920_58ba87-fb.kb-image-is-ratio-size, .kb-image1920_58ba87-fb .kb-image-is-ratio-size{max-width:360px;width:100%;}.kb-image1920_58ba87-fb{max-width:360px;}}<\/style>\n<figure class=\"wp-block-kadence-image kb-image1920_58ba87-fb\"><img loading=\"lazy\" decoding=\"async\" width=\"360\" height=\"640\" src=\"https:\/\/www.photokick.eu\/wp-content\/uploads\/2023\/02\/Stories-template-1080x1920-ex.-01-1.webp\" alt=\"Stories template 1080x1920 ex.-01\" class=\"kb-img wp-image-979\" srcset=\"https:\/\/www.photokick.eu\/wp-content\/uploads\/2023\/02\/Stories-template-1080x1920-ex.-01-1.webp 360w, https:\/\/www.photokick.eu\/wp-content\/uploads\/2023\/02\/Stories-template-1080x1920-ex.-01-1-169x300.webp 169w\" sizes=\"auto, (max-width: 360px) 100vw, 360px\" \/><\/figure>\n<\/div><\/div>\n\n\n<style>.kadence-column1920_acc483-03 > .kt-inside-inner-col{display:flex;}.kadence-column1920_acc483-03 > .kt-inside-inner-col{padding-right:25px;padding-left:25px;}.kadence-column1920_acc483-03 > .kt-inside-inner-col,.kadence-column1920_acc483-03 > .kt-inside-inner-col:before{border-top-left-radius:0px;border-top-right-radius:0px;border-bottom-right-radius:0px;border-bottom-left-radius:0px;}.kadence-column1920_acc483-03 > .kt-inside-inner-col{column-gap:var(--global-kb-gap-sm, 1rem);}.kadence-column1920_acc483-03 > .kt-inside-inner-col{flex-direction:column;justify-content:center;}.kadence-column1920_acc483-03 > .kt-inside-inner-col > .aligncenter{width:100%;}.kt-row-column-wrap > .kadence-column1920_acc483-03{align-self:center;}.kt-inner-column-height-full:not(.kt-has-1-columns) > .wp-block-kadence-column.kadence-column1920_acc483-03{align-self:auto;}.kt-inner-column-height-full:not(.kt-has-1-columns) > .wp-block-kadence-column.kadence-column1920_acc483-03 > .kt-inside-inner-col{flex-direction:column;justify-content:center;}.kadence-column1920_acc483-03 > .kt-inside-inner-col:before{opacity:0.3;}.kadence-column1920_acc483-03{position:relative;}@media all and (max-width: 1024px){.kt-row-column-wrap > .kadence-column1920_acc483-03{align-self:center;}}@media all and (max-width: 1024px){.kt-inner-column-height-full:not(.kt-has-1-columns) > .wp-block-kadence-column.kadence-column1920_acc483-03{align-self:auto;}}@media all and (max-width: 1024px){.kt-inner-column-height-full:not(.kt-has-1-columns) > .wp-block-kadence-column.kadence-column1920_acc483-03 > .kt-inside-inner-col{flex-direction:column;justify-content:center;}}@media all and (max-width: 1024px){.kadence-column1920_acc483-03 > .kt-inside-inner-col{flex-direction:column;justify-content:center;}}@media all and (max-width: 767px){.kt-row-column-wrap > .kadence-column1920_acc483-03{align-self:center;}.kt-inner-column-height-full:not(.kt-has-1-columns) > .wp-block-kadence-column.kadence-column1920_acc483-03{align-self:auto;}.kt-inner-column-height-full:not(.kt-has-1-columns) > .wp-block-kadence-column.kadence-column1920_acc483-03 > .kt-inside-inner-col{flex-direction:column;justify-content:center;}.kadence-column1920_acc483-03 > .kt-inside-inner-col{flex-direction:column;justify-content:center;}}<\/style>\n<div class=\"wp-block-kadence-column kadence-column1920_acc483-03 inner-column-2\"><div class=\"kt-inside-inner-col\"><style>.kb-row-layout-id1920_d3dde9-0b > .kt-row-column-wrap{align-content:start;}:where(.kb-row-layout-id1920_d3dde9-0b > .kt-row-column-wrap) > .wp-block-kadence-column{justify-content:start;}.kb-row-layout-id1920_d3dde9-0b > .kt-row-column-wrap{column-gap:var(--global-kb-gap-md, 2rem);row-gap:var(--global-kb-gap-md, 2rem);padding-top:var(--global-kb-spacing-sm, 1.5rem);padding-bottom:var(--global-kb-spacing-sm, 1.5rem);grid-template-columns:minmax(0, 1fr);}.kb-row-layout-id1920_d3dde9-0b > .kt-row-layout-overlay{opacity:0.30;}@media all and (max-width: 1024px){.kb-row-layout-id1920_d3dde9-0b > .kt-row-column-wrap{grid-template-columns:minmax(0, 1fr);}}@media all and (max-width: 767px){.kb-row-layout-id1920_d3dde9-0b > .kt-row-column-wrap{padding-top:25px;grid-template-columns:minmax(0, 1fr);}}<\/style><div class=\"kb-row-layout-wrap kb-row-layout-id1920_d3dde9-0b alignnone wp-block-kadence-rowlayout\"><div class=\"kt-row-column-wrap kt-has-1-columns kt-row-layout-equal kt-tab-layout-inherit kt-mobile-layout-row kt-row-valign-top\">\n<style>.kadence-column1920_f0dca1-18 > .kt-inside-inner-col,.kadence-column1920_f0dca1-18 > .kt-inside-inner-col:before{border-top-left-radius:0px;border-top-right-radius:0px;border-bottom-right-radius:0px;border-bottom-left-radius:0px;}.kadence-column1920_f0dca1-18 > .kt-inside-inner-col{column-gap:var(--global-kb-gap-sm, 1rem);}.kadence-column1920_f0dca1-18 > .kt-inside-inner-col{flex-direction:column;}.kadence-column1920_f0dca1-18 > .kt-inside-inner-col > .aligncenter{width:100%;}.kadence-column1920_f0dca1-18 > .kt-inside-inner-col:before{opacity:0.3;}.kadence-column1920_f0dca1-18{position:relative;}@media all and (max-width: 1024px){.kadence-column1920_f0dca1-18 > .kt-inside-inner-col{flex-direction:column;justify-content:center;}}@media all and (max-width: 767px){.kadence-column1920_f0dca1-18 > .kt-inside-inner-col{flex-direction:column;justify-content:center;}}<\/style>\n<div class=\"wp-block-kadence-column kadence-column1920_f0dca1-18 inner-column-1\"><div class=\"kt-inside-inner-col\"><style>.wp-block-kadence-advancedheading.kt-adv-heading1920_3f8b24-1f, .wp-block-kadence-advancedheading.kt-adv-heading1920_3f8b24-1f[data-kb-block=\"kb-adv-heading1920_3f8b24-1f\"]{font-size:20px;font-style:normal;}.wp-block-kadence-advancedheading.kt-adv-heading1920_3f8b24-1f mark.kt-highlight, .wp-block-kadence-advancedheading.kt-adv-heading1920_3f8b24-1f[data-kb-block=\"kb-adv-heading1920_3f8b24-1f\"] mark.kt-highlight{font-style:normal;color:#f76a0c;-webkit-box-decoration-break:clone;box-decoration-break:clone;padding-top:0px;padding-right:0px;padding-bottom:0px;padding-left:0px;}.wp-block-kadence-advancedheading.kt-adv-heading1920_3f8b24-1f img.kb-inline-image, .wp-block-kadence-advancedheading.kt-adv-heading1920_3f8b24-1f[data-kb-block=\"kb-adv-heading1920_3f8b24-1f\"] img.kb-inline-image{width:150px;vertical-align:baseline;}@media all and (max-width: 1024px){.wp-block-kadence-advancedheading.kt-adv-heading1920_3f8b24-1f, .wp-block-kadence-advancedheading.kt-adv-heading1920_3f8b24-1f[data-kb-block=\"kb-adv-heading1920_3f8b24-1f\"]{font-size:18px;}}@media all and (max-width: 767px){.wp-block-kadence-advancedheading.kt-adv-heading1920_3f8b24-1f, .wp-block-kadence-advancedheading.kt-adv-heading1920_3f8b24-1f[data-kb-block=\"kb-adv-heading1920_3f8b24-1f\"]{font-size:18px;}}<\/style>\n<p class=\"kt-adv-heading1920_3f8b24-1f wp-block-kadence-advancedheading\" data-kb-block=\"kb-adv-heading1920_3f8b24-1f\">Projekta laik\u0101 pl\u0101nots rad\u012bt 2 intelektu\u0101los produktus, kas piel\u0101goti pieaugu\u0161o neform\u0101lajai izgl\u012bt\u012bbai:<\/p>\n<\/div><\/div>\n\n<\/div><\/div>\n\n\n<ol class=\"wp-block-list\" style=\"padding-top:var(--wp--preset--spacing--40);padding-right:var(--wp--preset--spacing--40);padding-bottom:var(--wp--preset--spacing--40);padding-left:var(--wp--preset--spacing--40);font-size:18px\">\n<li><a href=\"https:\/\/www.photokick.eu\/lv\/rezultati\/vadlinijas-izstadem\/\">vadl\u012bnijas izgl\u012btojo\u0161u izst\u0101\u017eu veido\u0161anai<\/a>;<\/li>\n\n\n\n<li><a href=\"https:\/\/www.photokick.eu\/lv\/rezultati\/izglitojosas-fotografijas-izstades-programma\/\">starptautiskas (kop\u012bga partneru satura) izgl\u012btojo\u0161as fotogr\u0101fijas izst\u0101des programma<\/a>.<\/li>\n<\/ol>\n\n\n<style>.wp-block-kadence-advancedheading.kt-adv-heading1920_187e68-2c, .wp-block-kadence-advancedheading.kt-adv-heading1920_187e68-2c[data-kb-block=\"kb-adv-heading1920_187e68-2c\"]{font-size:20px;font-style:normal;}.wp-block-kadence-advancedheading.kt-adv-heading1920_187e68-2c mark.kt-highlight, .wp-block-kadence-advancedheading.kt-adv-heading1920_187e68-2c[data-kb-block=\"kb-adv-heading1920_187e68-2c\"] mark.kt-highlight{font-style:normal;color:#f76a0c;-webkit-box-decoration-break:clone;box-decoration-break:clone;padding-top:0px;padding-right:0px;padding-bottom:0px;padding-left:0px;}.wp-block-kadence-advancedheading.kt-adv-heading1920_187e68-2c img.kb-inline-image, .wp-block-kadence-advancedheading.kt-adv-heading1920_187e68-2c[data-kb-block=\"kb-adv-heading1920_187e68-2c\"] img.kb-inline-image{width:150px;vertical-align:baseline;}@media all and (max-width: 1024px){.wp-block-kadence-advancedheading.kt-adv-heading1920_187e68-2c, .wp-block-kadence-advancedheading.kt-adv-heading1920_187e68-2c[data-kb-block=\"kb-adv-heading1920_187e68-2c\"]{font-size:18px;}}@media all and (max-width: 767px){.wp-block-kadence-advancedheading.kt-adv-heading1920_187e68-2c, .wp-block-kadence-advancedheading.kt-adv-heading1920_187e68-2c[data-kb-block=\"kb-adv-heading1920_187e68-2c\"]{font-size:18px;}}<\/style>\n<p class=\"kt-adv-heading1920_187e68-2c wp-block-kadence-advancedheading\" data-kb-block=\"kb-adv-heading1920_187e68-2c\">Projekta rezult\u0101ti b\u016bs publiski pieejami, specializ\u0113ti darbam ar pieaugu\u0161ajiem, tas ir, soci\u0101lkult\u016bras iek\u013cau\u0161anas motiv\u0101cijai, pedagogiem un audz\u0113k\u0146u prasmju un kompeten\u010du att\u012bst\u012bbai un pilnveido\u0161anai, kas saist\u012bti ar m\u0101c\u012b\u0161anos, pasaules uzskatu papla\u0161in\u0101\u0161anu, rado\u0161uma motiv\u0113\u0161anu, m\u0101ksliniecisk\u0101 stila un inovat\u012bva skat\u012bjuma att\u012bst\u012b\u0161anu par aktu\u0101lajiem izaicin\u0101jumiem.<\/p>\n<\/div><\/div>\n\n<\/div><\/div><\/div><\/div>\n\n<\/div><\/div>","protected":false},"excerpt":{"rendered":"<p>Projekta laik\u0101 pl\u0101nots rad\u012bt 2 intelektu\u0101los produktus, kas piel\u0101goti pieaugu\u0161o neform\u0101lajai izgl\u012bt\u012bbai: Projekta rezult\u0101ti b\u016bs publiski pieejami, specializ\u0113ti darbam ar pieaugu\u0161ajiem, tas ir, soci\u0101lkult\u016bras iek\u013cau\u0161anas motiv\u0101cijai, pedagogiem un audz\u0113k\u0146u prasmju un kompeten\u010du att\u012bst\u012bbai un pilnveido\u0161anai, kas saist\u012bti ar m\u0101c\u012b\u0161anos, pasaules uzskatu papla\u0161in\u0101\u0161anu, rado\u0161uma motiv\u0113\u0161anu, m\u0101ksliniecisk\u0101 stila un inovat\u012bva skat\u012bjuma att\u012bst\u012b\u0161anu par aktu\u0101lajiem izaicin\u0101jumiem.<\/p>\n","protected":false},"author":1,"featured_media":1845,"parent":0,"menu_order":0,"comment_status":"closed","ping_status":"closed","template":"","meta":{"_kad_blocks_custom_css":"","_kad_blocks_head_custom_js":"","_kad_blocks_body_custom_js":"","_kad_blocks_footer_custom_js":"","_kad_post_transparent":"enable","_kad_post_title":"show","_kad_post_layout":"narrow","_kad_post_sidebar_id":"","_kad_post_content_style":"unboxed","_kad_post_vertical_padding":"hide","_kad_post_feature":"","_kad_post_feature_position":"","_kad_post_header":false,"_kad_post_footer":false,"_kad_post_classname":"","slim_seo":{"title":"Rezult\u0101ti - Photokick","description":""},"iawp_total_views":2,"footnotes":""},"class_list":["post-1920","page","type-page","status-publish","has-post-thumbnail","hentry"],"taxonomy_info":[],"featured_image_src_large":["https:\/\/www.photokick.eu\/wp-content\/uploads\/2023\/02\/baner-fb-blue-results-1024x538.webp",1024,538,true],"author_info":{"display_name":"Marius Apulskis","author_link":"https:\/\/www.photokick.eu\/lv\/author\/cf3d24ef3bcac6f9\/"},"comment_info":0,"_links":{"self":[{"href":"https:\/\/www.photokick.eu\/lv\/wp-json\/wp\/v2\/pages\/1920","targetHints":{"allow":["GET"]}}],"collection":[{"href":"https:\/\/www.photokick.eu\/lv\/wp-json\/wp\/v2\/pages"}],"about":[{"href":"https:\/\/www.photokick.eu\/lv\/wp-json\/wp\/v2\/types\/page"}],"author":[{"embeddable":true,"href":"https:\/\/www.photokick.eu\/lv\/wp-json\/wp\/v2\/users\/1"}],"replies":[{"embeddable":true,"href":"https:\/\/www.photokick.eu\/lv\/wp-json\/wp\/v2\/comments?post=1920"}],"version-history":[{"count":0,"href":"https:\/\/www.photokick.eu\/lv\/wp-json\/wp\/v2\/pages\/1920\/revisions"}],"wp:featuredmedia":[{"embeddable":true,"href":"https:\/\/www.photokick.eu\/lv\/wp-json\/wp\/v2\/media\/1845"}],"wp:attachment":[{"href":"https:\/\/www.photokick.eu\/lv\/wp-json\/wp\/v2\/media?parent=1920"}],"curies":[{"name":"wp","href":"https:\/\/api.w.org\/{rel}","templated":true}]}}