{"id":2128,"date":"2023-01-17T13:23:36","date_gmt":"2023-01-17T11:23:36","guid":{"rendered":"https:\/\/photokick.eu\/rezultati\/"},"modified":"2024-07-02T08:37:09","modified_gmt":"2024-07-02T05:37:09","slug":"rezultati","status":"publish","type":"page","link":"https:\/\/www.photokick.eu\/sl\/rezultati\/","title":{"rendered":"Rezultati"},"content":{"rendered":"<style>.kb-row-layout-id2128_11bc8d-e5 > .kt-row-column-wrap{align-content:start;}:where(.kb-row-layout-id2128_11bc8d-e5 > .kt-row-column-wrap) > .wp-block-kadence-column{justify-content:start;}.kb-row-layout-id2128_11bc8d-e5 > .kt-row-column-wrap{column-gap:var(--global-kb-gap-md, 2rem);row-gap:var(--global-kb-gap-md, 2rem);padding-top:var(--global-kb-spacing-sm, 1.5rem);padding-bottom:var(--global-kb-spacing-sm, 1.5rem);grid-template-columns:minmax(0, 1fr);}.kb-row-layout-id2128_11bc8d-e5 > .kt-row-layout-overlay{opacity:0.30;}@media all and (max-width: 1024px){.kb-row-layout-id2128_11bc8d-e5 > .kt-row-column-wrap{grid-template-columns:minmax(0, 1fr);}}@media all and (max-width: 767px){.kb-row-layout-id2128_11bc8d-e5 > .kt-row-column-wrap{grid-template-columns:minmax(0, 1fr);}}<\/style><div class=\"kb-row-layout-wrap kb-row-layout-id2128_11bc8d-e5 alignwide wp-block-kadence-rowlayout\"><div class=\"kt-row-column-wrap kt-has-1-columns kt-row-layout-equal kt-tab-layout-inherit kt-mobile-layout-row kt-row-valign-top\">\n<style>.kadence-column2128_3a8712-3d > .kt-inside-inner-col,.kadence-column2128_3a8712-3d > .kt-inside-inner-col:before{border-top-left-radius:0px;border-top-right-radius:0px;border-bottom-right-radius:0px;border-bottom-left-radius:0px;}.kadence-column2128_3a8712-3d > .kt-inside-inner-col{column-gap:var(--global-kb-gap-sm, 1rem);}.kadence-column2128_3a8712-3d > .kt-inside-inner-col{flex-direction:column;}.kadence-column2128_3a8712-3d > .kt-inside-inner-col > .aligncenter{width:100%;}.kadence-column2128_3a8712-3d > .kt-inside-inner-col:before{opacity:0.3;}.kadence-column2128_3a8712-3d{position:relative;}@media all and (max-width: 1024px){.kadence-column2128_3a8712-3d > .kt-inside-inner-col{flex-direction:column;justify-content:center;}}@media all and (max-width: 767px){.kadence-column2128_3a8712-3d > .kt-inside-inner-col{flex-direction:column;justify-content:center;}}<\/style>\n<div class=\"wp-block-kadence-column kadence-column2128_3a8712-3d inner-column-1\"><div class=\"kt-inside-inner-col\"><style>.kb-row-layout-id2128_677eb6-75 > .kt-row-column-wrap{align-content:start;}:where(.kb-row-layout-id2128_677eb6-75 > .kt-row-column-wrap) > .wp-block-kadence-column{justify-content:start;}.kb-row-layout-id2128_677eb6-75 > .kt-row-column-wrap{column-gap:var(--global-kb-gap-md, 2rem);row-gap:var(--global-kb-gap-md, 2rem);padding-top:var(--global-kb-spacing-sm, 1.5rem);padding-bottom:var(--global-kb-spacing-sm, 1.5rem);grid-template-columns:minmax(0, 1fr) minmax(0, 2fr);}.kb-row-layout-id2128_677eb6-75 > .kt-row-layout-overlay{opacity:0.30;}@media all and (max-width: 1024px){.kb-row-layout-id2128_677eb6-75 > .kt-row-column-wrap{grid-template-columns:repeat(2, minmax(0, 1fr));}}@media all and (max-width: 767px){.kb-row-layout-id2128_677eb6-75 > .kt-row-column-wrap{grid-template-columns:minmax(0, 1fr);}}<\/style><div class=\"kb-row-layout-wrap kb-row-layout-id2128_677eb6-75 alignwide wp-block-kadence-rowlayout\"><div class=\"kt-row-column-wrap kt-has-2-columns kt-row-layout-right-golden kt-tab-layout-equal kt-mobile-layout-row kt-row-valign-top\">\n<style>.kadence-column2128_ad3517-a7 > .kt-inside-inner-col,.kadence-column2128_ad3517-a7 > .kt-inside-inner-col:before{border-top-left-radius:0px;border-top-right-radius:0px;border-bottom-right-radius:0px;border-bottom-left-radius:0px;}.kadence-column2128_ad3517-a7 > .kt-inside-inner-col{column-gap:var(--global-kb-gap-sm, 1rem);}.kadence-column2128_ad3517-a7 > .kt-inside-inner-col{flex-direction:column;}.kadence-column2128_ad3517-a7 > .kt-inside-inner-col > .aligncenter{width:100%;}.kadence-column2128_ad3517-a7 > .kt-inside-inner-col:before{opacity:0.3;}.kadence-column2128_ad3517-a7{position:relative;}@media all and (max-width: 1024px){.kadence-column2128_ad3517-a7 > .kt-inside-inner-col{flex-direction:column;justify-content:center;}}@media all and (max-width: 767px){.kadence-column2128_ad3517-a7 > .kt-inside-inner-col{flex-direction:column;justify-content:center;}}<\/style>\n<div class=\"wp-block-kadence-column kadence-column2128_ad3517-a7 inner-column-1\"><div class=\"kt-inside-inner-col\"><style>.kb-image2128_31d6a6-0e .kb-image-has-overlay:after{opacity:0.3;}@media all and (max-width: 767px){.kb-image2128_31d6a6-0e.kb-image-is-ratio-size, .kb-image2128_31d6a6-0e .kb-image-is-ratio-size{max-width:360px;width:100%;}.kb-image2128_31d6a6-0e{max-width:360px;}}<\/style>\n<figure class=\"wp-block-kadence-image kb-image2128_31d6a6-0e\"><img loading=\"lazy\" decoding=\"async\" width=\"360\" height=\"640\" src=\"https:\/\/www.photokick.eu\/wp-content\/uploads\/2023\/02\/Stories-template-1080x1920-ex.-01-1.webp\" alt=\"Stories template 1080x1920 ex.-01\" class=\"kb-img wp-image-979\" srcset=\"https:\/\/www.photokick.eu\/wp-content\/uploads\/2023\/02\/Stories-template-1080x1920-ex.-01-1.webp 360w, https:\/\/www.photokick.eu\/wp-content\/uploads\/2023\/02\/Stories-template-1080x1920-ex.-01-1-169x300.webp 169w\" sizes=\"auto, (max-width: 360px) 100vw, 360px\" \/><\/figure>\n<\/div><\/div>\n\n\n<style>.kadence-column2128_c420b7-4e > .kt-inside-inner-col{display:flex;}.kadence-column2128_c420b7-4e > .kt-inside-inner-col{padding-right:25px;padding-left:25px;}.kadence-column2128_c420b7-4e > .kt-inside-inner-col,.kadence-column2128_c420b7-4e > .kt-inside-inner-col:before{border-top-left-radius:0px;border-top-right-radius:0px;border-bottom-right-radius:0px;border-bottom-left-radius:0px;}.kadence-column2128_c420b7-4e > .kt-inside-inner-col{column-gap:var(--global-kb-gap-sm, 1rem);}.kadence-column2128_c420b7-4e > .kt-inside-inner-col{flex-direction:column;justify-content:center;}.kadence-column2128_c420b7-4e > .kt-inside-inner-col > .aligncenter{width:100%;}.kt-row-column-wrap > .kadence-column2128_c420b7-4e{align-self:center;}.kt-inner-column-height-full:not(.kt-has-1-columns) > .wp-block-kadence-column.kadence-column2128_c420b7-4e{align-self:auto;}.kt-inner-column-height-full:not(.kt-has-1-columns) > .wp-block-kadence-column.kadence-column2128_c420b7-4e > .kt-inside-inner-col{flex-direction:column;justify-content:center;}.kadence-column2128_c420b7-4e > .kt-inside-inner-col:before{opacity:0.3;}.kadence-column2128_c420b7-4e{position:relative;}@media all and (max-width: 1024px){.kt-row-column-wrap > .kadence-column2128_c420b7-4e{align-self:center;}}@media all and (max-width: 1024px){.kt-inner-column-height-full:not(.kt-has-1-columns) > .wp-block-kadence-column.kadence-column2128_c420b7-4e{align-self:auto;}}@media all and (max-width: 1024px){.kt-inner-column-height-full:not(.kt-has-1-columns) > .wp-block-kadence-column.kadence-column2128_c420b7-4e > .kt-inside-inner-col{flex-direction:column;justify-content:center;}}@media all and (max-width: 1024px){.kadence-column2128_c420b7-4e > .kt-inside-inner-col{flex-direction:column;justify-content:center;}}@media all and (max-width: 767px){.kt-row-column-wrap > .kadence-column2128_c420b7-4e{align-self:center;}.kt-inner-column-height-full:not(.kt-has-1-columns) > .wp-block-kadence-column.kadence-column2128_c420b7-4e{align-self:auto;}.kt-inner-column-height-full:not(.kt-has-1-columns) > .wp-block-kadence-column.kadence-column2128_c420b7-4e > .kt-inside-inner-col{flex-direction:column;justify-content:center;}.kadence-column2128_c420b7-4e > .kt-inside-inner-col{flex-direction:column;justify-content:center;}}<\/style>\n<div class=\"wp-block-kadence-column kadence-column2128_c420b7-4e inner-column-2\"><div class=\"kt-inside-inner-col\"><style>.kb-row-layout-id2128_ae46c2-f5 > .kt-row-column-wrap{align-content:start;}:where(.kb-row-layout-id2128_ae46c2-f5 > .kt-row-column-wrap) > .wp-block-kadence-column{justify-content:start;}.kb-row-layout-id2128_ae46c2-f5 > .kt-row-column-wrap{column-gap:var(--global-kb-gap-md, 2rem);row-gap:var(--global-kb-gap-md, 2rem);padding-top:var(--global-kb-spacing-sm, 1.5rem);padding-bottom:var(--global-kb-spacing-sm, 1.5rem);grid-template-columns:minmax(0, 1fr);}.kb-row-layout-id2128_ae46c2-f5 > .kt-row-layout-overlay{opacity:0.30;}@media all and (max-width: 1024px){.kb-row-layout-id2128_ae46c2-f5 > .kt-row-column-wrap{grid-template-columns:minmax(0, 1fr);}}@media all and (max-width: 767px){.kb-row-layout-id2128_ae46c2-f5 > .kt-row-column-wrap{padding-top:25px;grid-template-columns:minmax(0, 1fr);}}<\/style><div class=\"kb-row-layout-wrap kb-row-layout-id2128_ae46c2-f5 alignnone wp-block-kadence-rowlayout\"><div class=\"kt-row-column-wrap kt-has-1-columns kt-row-layout-equal kt-tab-layout-inherit kt-mobile-layout-row kt-row-valign-top\">\n<style>.kadence-column2128_3ffd29-ef > .kt-inside-inner-col,.kadence-column2128_3ffd29-ef > .kt-inside-inner-col:before{border-top-left-radius:0px;border-top-right-radius:0px;border-bottom-right-radius:0px;border-bottom-left-radius:0px;}.kadence-column2128_3ffd29-ef > .kt-inside-inner-col{column-gap:var(--global-kb-gap-sm, 1rem);}.kadence-column2128_3ffd29-ef > .kt-inside-inner-col{flex-direction:column;}.kadence-column2128_3ffd29-ef > .kt-inside-inner-col > .aligncenter{width:100%;}.kadence-column2128_3ffd29-ef > .kt-inside-inner-col:before{opacity:0.3;}.kadence-column2128_3ffd29-ef{position:relative;}@media all and (max-width: 1024px){.kadence-column2128_3ffd29-ef > .kt-inside-inner-col{flex-direction:column;justify-content:center;}}@media all and (max-width: 767px){.kadence-column2128_3ffd29-ef > .kt-inside-inner-col{flex-direction:column;justify-content:center;}}<\/style>\n<div class=\"wp-block-kadence-column kadence-column2128_3ffd29-ef inner-column-1\"><div class=\"kt-inside-inner-col\"><style>.wp-block-kadence-advancedheading.kt-adv-heading2128_bb7e44-65, .wp-block-kadence-advancedheading.kt-adv-heading2128_bb7e44-65[data-kb-block=\"kb-adv-heading2128_bb7e44-65\"]{font-size:20px;font-style:normal;}.wp-block-kadence-advancedheading.kt-adv-heading2128_bb7e44-65 mark.kt-highlight, .wp-block-kadence-advancedheading.kt-adv-heading2128_bb7e44-65[data-kb-block=\"kb-adv-heading2128_bb7e44-65\"] mark.kt-highlight{font-style:normal;color:#f76a0c;-webkit-box-decoration-break:clone;box-decoration-break:clone;padding-top:0px;padding-right:0px;padding-bottom:0px;padding-left:0px;}.wp-block-kadence-advancedheading.kt-adv-heading2128_bb7e44-65 img.kb-inline-image, .wp-block-kadence-advancedheading.kt-adv-heading2128_bb7e44-65[data-kb-block=\"kb-adv-heading2128_bb7e44-65\"] img.kb-inline-image{width:150px;vertical-align:baseline;}@media all and (max-width: 1024px){.wp-block-kadence-advancedheading.kt-adv-heading2128_bb7e44-65, .wp-block-kadence-advancedheading.kt-adv-heading2128_bb7e44-65[data-kb-block=\"kb-adv-heading2128_bb7e44-65\"]{font-size:18px;}}@media all and (max-width: 767px){.wp-block-kadence-advancedheading.kt-adv-heading2128_bb7e44-65, .wp-block-kadence-advancedheading.kt-adv-heading2128_bb7e44-65[data-kb-block=\"kb-adv-heading2128_bb7e44-65\"]{font-size:18px;}}<\/style>\n<p class=\"kt-adv-heading2128_bb7e44-65 wp-block-kadence-advancedheading\" data-kb-block=\"kb-adv-heading2128_bb7e44-65\">V okviru projekta je na\u010drtovana izdelava dveh intelektualnih izdelkov, prilagojenih za neformalno izobra\u017eevanje odraslih:<\/p>\n<\/div><\/div>\n\n<\/div><\/div>\n\n\n<ol class=\"wp-block-list\" style=\"padding-top:var(--wp--preset--spacing--40);padding-right:var(--wp--preset--spacing--40);padding-bottom:var(--wp--preset--spacing--40);padding-left:var(--wp--preset--spacing--40);font-size:18px\">\n<li><a href=\"https:\/\/www.photokick.eu\/sl\/rezultati\/smernice-za-razstave\/\">smernice za pripravo izobra\u017eevalnih razstav<\/a>;<\/li>\n\n\n\n<li><a href=\"https:\/\/www.photokick.eu\/sl\/rezultati\/program-izobrazevalne-fotografske-razstave\/\">program mednarodne (skupna vsebina partnerjev) izobra\u017eevalne razstave umetni\u0161ke fotografije<\/a>.<\/li>\n<\/ol>\n\n\n<style>.wp-block-kadence-advancedheading.kt-adv-heading2128_3f870d-da, .wp-block-kadence-advancedheading.kt-adv-heading2128_3f870d-da[data-kb-block=\"kb-adv-heading2128_3f870d-da\"]{font-size:20px;font-style:normal;}.wp-block-kadence-advancedheading.kt-adv-heading2128_3f870d-da mark.kt-highlight, .wp-block-kadence-advancedheading.kt-adv-heading2128_3f870d-da[data-kb-block=\"kb-adv-heading2128_3f870d-da\"] mark.kt-highlight{font-style:normal;color:#f76a0c;-webkit-box-decoration-break:clone;box-decoration-break:clone;padding-top:0px;padding-right:0px;padding-bottom:0px;padding-left:0px;}.wp-block-kadence-advancedheading.kt-adv-heading2128_3f870d-da img.kb-inline-image, .wp-block-kadence-advancedheading.kt-adv-heading2128_3f870d-da[data-kb-block=\"kb-adv-heading2128_3f870d-da\"] img.kb-inline-image{width:150px;vertical-align:baseline;}@media all and (max-width: 1024px){.wp-block-kadence-advancedheading.kt-adv-heading2128_3f870d-da, .wp-block-kadence-advancedheading.kt-adv-heading2128_3f870d-da[data-kb-block=\"kb-adv-heading2128_3f870d-da\"]{font-size:18px;}}@media all and (max-width: 767px){.wp-block-kadence-advancedheading.kt-adv-heading2128_3f870d-da, .wp-block-kadence-advancedheading.kt-adv-heading2128_3f870d-da[data-kb-block=\"kb-adv-heading2128_3f870d-da\"]{font-size:18px;}}<\/style>\n<p class=\"kt-adv-heading2128_3f870d-da wp-block-kadence-advancedheading\" data-kb-block=\"kb-adv-heading2128_3f870d-da\">Rezultati projekta bodo javno dostopni, specializirani za delo z odraslimi, torej za motivacijo dru\u017ebeno-kulturnega vklju\u010devanja, razvoj in izbolj\u0161anje spretnosti in kompetenc izobra\u017eevalcev in u\u010dencev, povezanih z u\u010denjem, \u0161irjenjem pogleda na svet, spodbujanjem ustvarjalnosti, razvijanjem umetni\u0161kega sloga in inovativnega pogleda na aktualne izzive.<\/p>\n<\/div><\/div>\n\n<\/div><\/div><\/div><\/div>\n\n<\/div><\/div>","protected":false},"excerpt":{"rendered":"<p>V okviru projekta je na\u010drtovana izdelava dveh intelektualnih izdelkov, prilagojenih za neformalno izobra\u017eevanje odraslih: Rezultati projekta bodo javno dostopni, specializirani za delo z odraslimi, torej za motivacijo dru\u017ebeno-kulturnega vklju\u010devanja, razvoj in izbolj\u0161anje spretnosti in kompetenc izobra\u017eevalcev in u\u010dencev, povezanih z u\u010denjem, \u0161irjenjem pogleda na svet, spodbujanjem ustvarjalnosti, razvijanjem umetni\u0161kega sloga in inovativnega pogleda na aktualne&#8230;<\/p>\n","protected":false},"author":1,"featured_media":1847,"parent":0,"menu_order":0,"comment_status":"closed","ping_status":"closed","template":"","meta":{"_kad_blocks_custom_css":"","_kad_blocks_head_custom_js":"","_kad_blocks_body_custom_js":"","_kad_blocks_footer_custom_js":"","_kad_post_transparent":"enable","_kad_post_title":"show","_kad_post_layout":"narrow","_kad_post_sidebar_id":"","_kad_post_content_style":"unboxed","_kad_post_vertical_padding":"hide","_kad_post_feature":"","_kad_post_feature_position":"","_kad_post_header":false,"_kad_post_footer":false,"_kad_post_classname":"","slim_seo":{"title":"Rezultati - Photokick","description":""},"iawp_total_views":1,"footnotes":""},"class_list":["post-2128","page","type-page","status-publish","has-post-thumbnail","hentry"],"taxonomy_info":[],"featured_image_src_large":["https:\/\/www.photokick.eu\/wp-content\/uploads\/2023\/02\/baner-fb-blue-results-1024x538.webp",1024,538,true],"author_info":{"display_name":"Marius Apulskis","author_link":"https:\/\/www.photokick.eu\/sl\/author\/cf3d24ef3bcac6f9\/"},"comment_info":0,"_links":{"self":[{"href":"https:\/\/www.photokick.eu\/sl\/wp-json\/wp\/v2\/pages\/2128","targetHints":{"allow":["GET"]}}],"collection":[{"href":"https:\/\/www.photokick.eu\/sl\/wp-json\/wp\/v2\/pages"}],"about":[{"href":"https:\/\/www.photokick.eu\/sl\/wp-json\/wp\/v2\/types\/page"}],"author":[{"embeddable":true,"href":"https:\/\/www.photokick.eu\/sl\/wp-json\/wp\/v2\/users\/1"}],"replies":[{"embeddable":true,"href":"https:\/\/www.photokick.eu\/sl\/wp-json\/wp\/v2\/comments?post=2128"}],"version-history":[{"count":0,"href":"https:\/\/www.photokick.eu\/sl\/wp-json\/wp\/v2\/pages\/2128\/revisions"}],"wp:featuredmedia":[{"embeddable":true,"href":"https:\/\/www.photokick.eu\/sl\/wp-json\/wp\/v2\/media\/1847"}],"wp:attachment":[{"href":"https:\/\/www.photokick.eu\/sl\/wp-json\/wp\/v2\/media?parent=2128"}],"curies":[{"name":"wp","href":"https:\/\/api.w.org\/{rel}","templated":true}]}}